{"id":156,"date":"2024-09-16T14:25:47","date_gmt":"2024-09-16T14:25:47","guid":{"rendered":"https:\/\/sereneswap.com\/?page_id=156"},"modified":"2024-09-26T07:32:57","modified_gmt":"2024-09-26T07:32:57","slug":"disclaimer","status":"publish","type":"page","link":"https:\/\/sereneswap.com\/de\/disclaimer\/","title":{"rendered":"Haftungsausschluss"},"content":{"rendered":"<p><a href=\"https:\/\/sereneswap.com\/de\/\">Sereneswap.com<\/a> ist Eigentum der Luca Investment Strategic Sp. z O.O. (Firmennummer LLC23233), die zur Erbringung von Dienstleistungen im Bereich virtuelle W\u00e4hrungen berechtigt ist, und wird von dieser betrieben. Die eingetragene und operative Adresse lautet 86 Ho\u017ca Stra\u00dfe, Einheit 210, Warschau, Postleitzahl 00-682, Polen.<\/p>\n\n\n\n<h2 class=\"wp-block-heading\">Risiken Offenlegung<\/h2>\n\n\n\n<p>Sie erkl\u00e4ren sich damit einverstanden, dass Sie frei entscheiden k\u00f6nnen, ob Sie die von Serene Swap angebotene Dienstleistung nutzen wollen oder nicht, und dass Sie dies nach eigenem Ermessen und auf eigenes Risiko tun. Der Austausch digitaler W\u00e4hrungen gilt als riskante Transaktion mit hochspekulativen Ergebnissen. Serene Swap garantiert keine Gewinne aus Aktivit\u00e4ten, die mit seinen Dienstleistungen verbunden sind.&nbsp;<\/p>\n\n\n\n<ul>\n<li>Sie erkl\u00e4ren sich damit einverstanden, dass Sie frei entscheiden k\u00f6nnen, ob Sie die Ihnen von Serene Swap zur Verf\u00fcgung gestellten Dienstleistungen in Anspruch nehmen wollen oder nicht, und dass Sie dies nach eigenem Ermessen und auf eigenes Risiko tun. Sie best\u00e4tigen, dass Sie die mit den Dienstleistungen verbundenen Risiken verstehen und zustimmen, dass sie in Anbetracht Ihrer Ziele und finanziellen M\u00f6glichkeiten akzeptabel sind.<\/li>\n\n\n\n<li>Sie erkennen an, dass der Kauf oder Verkauf von Kryptow\u00e4hrungen ein erhebliches Risiko birgt. Die Preise k\u00f6nnen an jedem beliebigen Tag schwanken. Aufgrund solcher Schwankungen kann Cryptocurrency jederzeit an Wert gewinnen oder verlieren. Cryptocurrency kann gro\u00dfen Wertschwankungen unterliegen und sogar wertlos werden. Der Handel mit Kryptow\u00e4hrungen birgt einzigartige Risiken, die im Allgemeinen nicht mit offiziellen W\u00e4hrungen, Waren oder Rohstoffen auf einem Markt geteilt werden. Im Gegensatz zu den meisten W\u00e4hrungen, die von Regierungen oder anderen juristischen Personen gest\u00fctzt werden, oder zu Rohstoffen wie Gold oder Silber ist die Kryptow\u00e4hrung eine einzigartige W\u00e4hrung, die durch Technologie und Vertrauen gest\u00fctzt wird. Keine Zentralbank kann Korrekturma\u00dfnahmen ergreifen, um den Wert von Cryptocurrency in einer Krise zu sch\u00fctzen oder mehr W\u00e4hrung auszugeben.&nbsp;<\/li>\n\n\n\n<li>Sie sollten abw\u00e4gen, ob der Besitz digitaler W\u00e4hrungen zu Ihren finanziellen Verh\u00e4ltnissen passt. Der Handel und Umtausch von Kryptow\u00e4hrungen ist mit erheblichen Risiken verbunden. Der Wert von virtuellen Verm\u00f6genswerten\/W\u00e4hrungen weist eine hohe Volatilit\u00e4t auf (der Wert kann innerhalb eines sehr kurzen Zeitraums und zu jedem beliebigen Zeitpunkt erheblich steigen und fallen). Solche Preisschwankungen bringen Unsicherheit mit sich. Der Wert einer virtuellen W\u00e4hrung und der Einbruch der Nachfrage k\u00f6nnen von vielen Faktoren beeinflusst werden, darunter irrationale (oder rationale) Blasen, Vertrauensverlust in die W\u00e4hrung, \u00c4nderungen in der Softwareentwicklung, Regierungsentscheidungen, Schaffung einer konkurrierenden W\u00e4hrung, technische Probleme, politische oder unpolitische \u00c4u\u00dferungen, Aussagen von Einflussnehmern und Nachrichten sowie Hackerangriffe.&nbsp;<\/li>\n\n\n\n<li>Virtuelle W\u00e4hrungen bergen besondere Risiken, die im Allgemeinen nicht mit den offiziellen W\u00e4hrungen geteilt werden, da sie weder von Regierungen ausgegeben noch mit greifbaren Waren oder G\u00fctern verbunden oder in einem offiziellen Register eingetragen sind. Virtuelle W\u00e4hrungen sind immaterielle, dezentralisierte digitale Verm\u00f6genswerte, die durch Technologie und Vertrauen gest\u00fctzt werden. Keine Zentralbank oder andere Institution kann Ma\u00dfnahmen ergreifen, um den Wert einer virtuellen W\u00e4hrung zu sch\u00fctzen. Virtuelle W\u00e4hrungen sind autonome und weitgehend unregulierte Systeme von Unternehmen und Einzelpersonen, die W\u00e4hrungen ausgeben. Das Verlustrisiko beim Kauf, Verkauf oder Besitz virtueller Verm\u00f6genswerte\/W\u00e4hrungen kann erheblich sein. Sie sollten daher sorgf\u00e4ltig abw\u00e4gen, ob der Tausch von virtuellen Verm\u00f6genswerten in Anbetracht Ihrer finanziellen Situation f\u00fcr Sie geeignet ist. Serene Swap nutzt Zahlungsanbieter f\u00fcr \u00dcberweisungen von Fiat-Geld, um Umtauschdienste zu erbringen und mit dem Fiat-Geld zu arbeiten, w\u00e4hrend die unterst\u00fctzenden Banken keinesfalls ein Medium f\u00fcr den Umtausch, die \u00dcberweisung, die Abhebung, die Einzahlung oder eine andere Transaktion im Zusammenhang mit virtuellen W\u00e4hrungen darstellen.<\/li>\n\n\n\n<li>Ihr virtuelles Verm\u00f6gen kann verloren gehen, wenn Sie Ihr Passwort, Ihren privaten Schl\u00fcssel oder einen anderen Sicherheitscode verlieren. Achten Sie darauf, Ihre privaten Schl\u00fcssel, Passw\u00f6rter, Sicherheitscodes und W\u00f6rter f\u00fcr sich zu behalten und sie regelm\u00e4\u00dfig zu \u00e4ndern. Sie sind verantwortlich f\u00fcr die Erstellung eines soliden Passworts und die Aufrechterhaltung der Sicherheit und Kontrolle aller elektronischen Ger\u00e4te, IDs, Passw\u00f6rter, Hinweise, pers\u00f6nlichen Identifikationsnummern oder anderer Codes, die Sie f\u00fcr den Zugang zu den Serene-Swap-Diensten und Ihren Wallet-Adressen verwenden, die Sie w\u00e4hrend Ihres Kauf-\/Verkaufsauftragsflusses eingeben. Jeder Verlust oder jede Kompromittierung der oben genannten Informationen und\/oder Ihrer pers\u00f6nlichen Daten kann dazu f\u00fchren, dass Dritte unbefugten Zugang zu Ihrem Serene-Swap-Konto oder Ihrer Wallet-Adresse erhalten und Ihr Verm\u00f6gen verlieren oder gestohlen wird.&nbsp;<\/li>\n<\/ul>\n\n\n\n<p>Sie sind daf\u00fcr verantwortlich, Ihre E-Mail-Adresse und Telefonnummer in Ihrem Kontoprofil auf dem neuesten Stand zu halten, um alle Mitteilungen oder Warnungen zu erhalten, die wir Ihnen schicken k\u00f6nnen. Sie sollten niemals Fernzugriff zulassen oder Ihren Computer und\/oder Bildschirm mit einer anderen Person teilen, wenn Sie bei Ihrem Serene Swap-Konto angemeldet sind. Serene Swap wird Sie niemals nach Ihren Passw\u00f6rtern oder 2-Faktor-Authentifizierungscodes fragen. Wir \u00fcbernehmen keine Verantwortung f\u00fcr Verluste, die Ihnen durch die Kompromittierung Ihrer Anmeldedaten ohne Verschulden von Serene Swap entstehen k\u00f6nnen.&nbsp;<\/p>\n\n\n\n<p>Wir \u00fcbernehmen keine Verantwortung daf\u00fcr, dass Sie Mitteilungen oder Warnungen, die wir Ihnen senden, nicht befolgen oder darauf reagieren. Falls Sie glauben, dass Ihre Serene Swap-Kontodaten kompromittiert wurden, wenden Sie sich umgehend an den Serene Swap-Support unter <a href=\"mailto:info@sereneswap.com\">info@sereneswap.com<\/a>.<\/p>\n\n\n\n<ul>\n<li>Sie nehmen zur Kenntnis und erkl\u00e4ren sich damit einverstanden, dass Serene Swap nicht als Finanzberater auftritt, keine Anlageberatung anbietet und dass jegliche Kommunikation zwischen Ihnen und Serene Swap nicht als Anlageberatung angesehen werden kann. Unbeschadet unserer vorstehenden Verpflichtungen erkl\u00e4ren Sie, dass Sie, wenn Sie uns um den Abschluss einer Transaktion bitten, allein daf\u00fcr verantwortlich sind, eine unabh\u00e4ngige Bewertung und Untersuchung der Risiken der Transaktion vorzunehmen.&nbsp;<\/li>\n<\/ul>\n\n\n\n<p>Sie versichern, dass Sie \u00fcber ausreichende Kenntnisse, Marktkenntnisse und Erfahrungen verf\u00fcgen, um die Vorz\u00fcge und Gefahren einer Transaktion zu beurteilen, und dass Sie diesbez\u00fcglich professionell beraten wurden. Wir geben Ihnen keine Garantie f\u00fcr die Eignung der Dienstleistungen und \u00fcbernehmen keine treuh\u00e4nderische Verpflichtung in unseren Beziehungen zu Ihnen. Wir k\u00f6nnen Informationen \u00fcber den Preis, die Spanne und die Volatilit\u00e4t der digitalen W\u00e4hrung sowie \u00fcber Ereignisse, die den Preis der digitalen W\u00e4hrung beeinflusst haben, zur Verf\u00fcgung stellen, aber dies ist keine Anlageberatung und sollte nicht als solche ausgelegt werden. Jede Entscheidung, digitale W\u00e4hrungen zu kaufen oder zu verkaufen, erfolgt auf Ihr eigenes Risiko, und Serene Swap haftet nicht f\u00fcr etwaige Verluste.<\/p>\n\n\n\n<ul>\n<li>In vollem Umfang durch das geltende Recht zul\u00e4ssig, Sie, als Folge dieser Vereinbarung zu entsch\u00e4digen Serene Swap und seine Partner gegen jede Klage, Haftung, Kosten, Anspr\u00fcche, Verluste, Sch\u00e4den, Verfahren oder Ausgaben erlitten oder entstanden, wenn direkt oder nicht direkt aus Ihrer Nutzung unserer Website, Ihre Nutzung des Dienstes oder Ihre Verletzung unserer Bedingungen und Konditionen.<\/li>\n<\/ul>\n\n\n\n<p>Serene Swap haftet nicht f\u00fcr Preisschwankungen bei Cryptocurrency. Im Falle einer Marktst\u00f6rung kann Serene Swap die Dienste nach eigenem Ermessen und zus\u00e4tzlich zu allen anderen Rechten und Rechtsmitteln aussetzen. Serene Swap haftet nicht f\u00fcr Verluste, die Sie aufgrund einer solchen Ma\u00dfnahme erleiden. Wenn die Dienste nach einem solchen Ereignis wieder aufgenommen werden, erkennen Sie an, dass die vorherrschenden Marktkurse erheblich von den vorher verf\u00fcgbaren abweichen k\u00f6nnen.<\/p>","protected":false},"excerpt":{"rendered":"<p>Sereneswap.com is owned and operated by Luca Investment Strategic Sp. z O.O. (the company number LLC23233), authorised to Provide virtual currency service, with a registered and operational address at 86 Ho\u017ca street, Unit 210, Warsaw, Postcode 00-682, Poland. Risks Disclosure You agree that you are free to choose whether or not to use the service [&hellip;]<\/p>","protected":false},"author":1,"featured_media":0,"parent":0,"menu_order":0,"comment_status":"closed","ping_status":"closed","template":"template-pages\/template-legal.php","meta":{"footnotes":""},"acf":[],"yoast_head":"<!-- This site is optimized with the Yoast SEO plugin v21.3 - https:\/\/yoast.com\/wordpress\/plugins\/seo\/ -->\n<title>Disclaimer - Serene Swap<\/title>\n<meta name=\"robots\" content=\"index, follow, max-snippet:-1, max-image-preview:large, max-video-preview:-1\" \/>\n<link rel=\"canonical\" href=\"https:\/\/sereneswap.com\/de\/disclaimer\/\" \/>\n<meta property=\"og:locale\" content=\"de_DE\" \/>\n<meta property=\"og:type\" content=\"article\" \/>\n<meta property=\"og:title\" content=\"Disclaimer - Serene Swap\" \/>\n<meta property=\"og:description\" content=\"Sereneswap.com is owned and operated by Luca Investment Strategic Sp. z O.O. (the company number LLC23233), authorised to Provide virtual currency service, with a registered and operational address at 86 Ho\u017ca street, Unit 210, Warsaw, Postcode 00-682, Poland. Risks Disclosure You agree that you are free to choose whether or not to use the service [&hellip;]\" \/>\n<meta property=\"og:url\" content=\"https:\/\/sereneswap.com\/de\/wp-json\/wp\/v2\/pages\/156\" \/>\n<meta property=\"og:site_name\" content=\"Serene Swap\" \/>\n<meta property=\"article:modified_time\" content=\"2024-09-26T07:32:57+00:00\" \/>\n<meta name=\"twitter:card\" content=\"summary_large_image\" \/>\n<meta name=\"twitter:label1\" content=\"Gesch\u00e4tzte Lesezeit\" \/>\n\t<meta name=\"twitter:data1\" content=\"5\u00a0Minuten\" \/>\n<script type=\"application\/ld+json\" class=\"yoast-schema-graph\">{\"@context\":\"https:\/\/schema.org\",\"@graph\":[{\"@type\":\"WebPage\",\"@id\":\"https:\/\/sereneswap.com\/disclaimer\/\",\"url\":\"https:\/\/sereneswap.com\/disclaimer\/\",\"name\":\"Disclaimer - Serene Swap\",\"isPartOf\":{\"@id\":\"https:\/\/sereneswap.com\/#website\"},\"datePublished\":\"2024-09-16T14:25:47+00:00\",\"dateModified\":\"2024-09-26T07:32:57+00:00\",\"breadcrumb\":{\"@id\":\"https:\/\/sereneswap.com\/disclaimer\/#breadcrumb\"},\"inLanguage\":\"de\",\"potentialAction\":[{\"@type\":\"ReadAction\",\"target\":[\"https:\/\/sereneswap.com\/disclaimer\/\"]}]},{\"@type\":\"BreadcrumbList\",\"@id\":\"https:\/\/sereneswap.com\/disclaimer\/#breadcrumb\",\"itemListElement\":[{\"@type\":\"ListItem\",\"position\":1,\"name\":\"Home\",\"item\":\"https:\/\/sereneswap.com\/\"},{\"@type\":\"ListItem\",\"position\":2,\"name\":\"Disclaimer\"}]},{\"@type\":\"WebSite\",\"@id\":\"https:\/\/sereneswap.com\/#website\",\"url\":\"https:\/\/sereneswap.com\/\",\"name\":\"Serene Swap\",\"description\":\"\",\"publisher\":{\"@id\":\"https:\/\/sereneswap.com\/#organization\"},\"potentialAction\":[{\"@type\":\"SearchAction\",\"target\":{\"@type\":\"EntryPoint\",\"urlTemplate\":\"https:\/\/sereneswap.com\/?s={search_term_string}\"},\"query-input\":\"required name=search_term_string\"}],\"inLanguage\":\"de\"},{\"@type\":\"Organization\",\"@id\":\"https:\/\/sereneswap.com\/#organization\",\"name\":\"Serene Swap\",\"url\":\"https:\/\/sereneswap.com\/\",\"logo\":{\"@type\":\"ImageObject\",\"inLanguage\":\"de\",\"@id\":\"https:\/\/sereneswap.com\/#\/schema\/logo\/image\/\",\"url\":\"https:\/\/sereneswap.com\/wp-content\/uploads\/2023\/10\/Logo.svg\",\"contentUrl\":\"https:\/\/sereneswap.com\/wp-content\/uploads\/2023\/10\/Logo.svg\",\"width\":266,\"height\":50,\"caption\":\"Serene Swap\"},\"image\":{\"@id\":\"https:\/\/sereneswap.com\/#\/schema\/logo\/image\/\"}}]}<\/script>\n<!-- \/ Yoast SEO plugin. -->","yoast_head_json":{"title":"Disclaimer - Serene Swap","robots":{"index":"index","follow":"follow","max-snippet":"max-snippet:-1","max-image-preview":"max-image-preview:large","max-video-preview":"max-video-preview:-1"},"canonical":"https:\/\/sereneswap.com\/de\/disclaimer\/","og_locale":"de_DE","og_type":"article","og_title":"Disclaimer - Serene Swap","og_description":"Sereneswap.com is owned and operated by Luca Investment Strategic Sp. z O.O. (the company number LLC23233), authorised to Provide virtual currency service, with a registered and operational address at 86 Ho\u017ca street, Unit 210, Warsaw, Postcode 00-682, Poland. Risks Disclosure You agree that you are free to choose whether or not to use the service [&hellip;]","og_url":"https:\/\/sereneswap.com\/de\/wp-json\/wp\/v2\/pages\/156","og_site_name":"Serene Swap","article_modified_time":"2024-09-26T07:32:57+00:00","twitter_card":"summary_large_image","twitter_misc":{"Gesch\u00e4tzte Lesezeit":"5\u00a0Minuten"},"schema":{"@context":"https:\/\/schema.org","@graph":[{"@type":"WebPage","@id":"https:\/\/sereneswap.com\/disclaimer\/","url":"https:\/\/sereneswap.com\/disclaimer\/","name":"Disclaimer - Serene Swap","isPartOf":{"@id":"https:\/\/sereneswap.com\/#website"},"datePublished":"2024-09-16T14:25:47+00:00","dateModified":"2024-09-26T07:32:57+00:00","breadcrumb":{"@id":"https:\/\/sereneswap.com\/disclaimer\/#breadcrumb"},"inLanguage":"de","potentialAction":[{"@type":"ReadAction","target":["https:\/\/sereneswap.com\/disclaimer\/"]}]},{"@type":"BreadcrumbList","@id":"https:\/\/sereneswap.com\/disclaimer\/#breadcrumb","itemListElement":[{"@type":"ListItem","position":1,"name":"Home","item":"https:\/\/sereneswap.com\/"},{"@type":"ListItem","position":2,"name":"Disclaimer"}]},{"@type":"WebSite","@id":"https:\/\/sereneswap.com\/#website","url":"https:\/\/sereneswap.com\/","name":"Serene Swap","description":"","publisher":{"@id":"https:\/\/sereneswap.com\/#organization"},"potentialAction":[{"@type":"SearchAction","target":{"@type":"EntryPoint","urlTemplate":"https:\/\/sereneswap.com\/?s={search_term_string}"},"query-input":"required name=search_term_string"}],"inLanguage":"de"},{"@type":"Organization","@id":"https:\/\/sereneswap.com\/#organization","name":"Serene Swap","url":"https:\/\/sereneswap.com\/","logo":{"@type":"ImageObject","inLanguage":"de","@id":"https:\/\/sereneswap.com\/#\/schema\/logo\/image\/","url":"https:\/\/sereneswap.com\/wp-content\/uploads\/2023\/10\/Logo.svg","contentUrl":"https:\/\/sereneswap.com\/wp-content\/uploads\/2023\/10\/Logo.svg","width":266,"height":50,"caption":"Serene Swap"},"image":{"@id":"https:\/\/sereneswap.com\/#\/schema\/logo\/image\/"}}]}},"_links":{"self":[{"href":"https:\/\/sereneswap.com\/de\/wp-json\/wp\/v2\/pages\/156"}],"collection":[{"href":"https:\/\/sereneswap.com\/de\/wp-json\/wp\/v2\/pages"}],"about":[{"href":"https:\/\/sereneswap.com\/de\/wp-json\/wp\/v2\/types\/page"}],"author":[{"embeddable":true,"href":"https:\/\/sereneswap.com\/de\/wp-json\/wp\/v2\/users\/1"}],"replies":[{"embeddable":true,"href":"https:\/\/sereneswap.com\/de\/wp-json\/wp\/v2\/comments?post=156"}],"version-history":[{"count":7,"href":"https:\/\/sereneswap.com\/de\/wp-json\/wp\/v2\/pages\/156\/revisions"}],"predecessor-version":[{"id":203,"href":"https:\/\/sereneswap.com\/de\/wp-json\/wp\/v2\/pages\/156\/revisions\/203"}],"wp:attachment":[{"href":"https:\/\/sereneswap.com\/de\/wp-json\/wp\/v2\/media?parent=156"}],"curies":[{"name":"wp","href":"https:\/\/api.w.org\/{rel}","templated":true}]}}