{"id":158,"date":"2024-09-16T14:25:48","date_gmt":"2024-09-16T14:25:48","guid":{"rendered":"https:\/\/sereneswap.com\/?page_id=158"},"modified":"2024-09-16T14:25:48","modified_gmt":"2024-09-16T14:25:48","slug":"refund-and-cancellation-policy","status":"publish","type":"page","link":"https:\/\/sereneswap.com\/de\/refund-and-cancellation-policy\/","title":{"rendered":"Erstattungs- und Stornierungsbedingungen"},"content":{"rendered":"<h2 class=\"wp-block-heading\">Erstattungen<\/h2>\n\n\n\n<p>Keine R\u00fcckerstattung - alle Tauschvorg\u00e4nge, Verk\u00e4ufe und K\u00e4ufe von Cryptocurrency \u00fcber den Dienst sind endg\u00fcltig.<\/p>\n\n\n\n<h2 class=\"wp-block-heading\">Stornierung<\/h2>\n\n\n\n<ul>\n<li>Sie k\u00f6nnen einen \u00fcber das Transaktionsformular ausgel\u00f6sten Auftrag nur dann stornieren, wenn diese Stornierung erfolgt, bevor Serene Swap den Tauschvorgang ausf\u00fchrt.<\/li>\n\n\n\n<li>Sobald Ihr Auftrag ausgef\u00fchrt wurde, k\u00f6nnen Sie Ihre Erm\u00e4chtigung zur Durchf\u00fchrung der Transaktion durch Serene Swap nicht mehr \u00e4ndern oder widerrufen.<\/li>\n\n\n\n<li>Wenn ein Auftrag teilweise ausgef\u00fchrt wurde, k\u00f6nnen Sie den nicht ausgef\u00fchrten Rest stornieren.<\/li>\n\n\n\n<li>Wenn ein Transaktionsauftrag aufgrund unzureichender Mittel nicht vollst\u00e4ndig ausgef\u00fchrt werden kann, kann Serene Swap den gesamten Auftrag stornieren oder einen Teil des Auftrags mit verf\u00fcgbaren Mitteln ausf\u00fchren.<\/li>\n<\/ul>","protected":false},"excerpt":{"rendered":"<p>Refunds No refunds \u2013 all exchange operations, sales, and purchases of Cryptocurrency via the Service are final. Cancellation<\/p>","protected":false},"author":1,"featured_media":0,"parent":0,"menu_order":0,"comment_status":"closed","ping_status":"closed","template":"template-pages\/template-legal.php","meta":{"footnotes":""},"acf":[],"yoast_head":"<!-- This site is optimized with the Yoast SEO plugin v21.3 - https:\/\/yoast.com\/wordpress\/plugins\/seo\/ -->\n<title>Refund and Cancellation Policy - Serene Swap<\/title>\n<meta name=\"robots\" content=\"index, follow, max-snippet:-1, max-image-preview:large, max-video-preview:-1\" \/>\n<link rel=\"canonical\" href=\"https:\/\/sereneswap.com\/de\/refund-and-cancellation-policy\/\" \/>\n<meta property=\"og:locale\" content=\"de_DE\" \/>\n<meta property=\"og:type\" content=\"article\" \/>\n<meta property=\"og:title\" content=\"Refund and Cancellation Policy - Serene Swap\" \/>\n<meta property=\"og:description\" content=\"Refunds No refunds \u2013 all exchange operations, sales, and purchases of Cryptocurrency via the Service are final. Cancellation\" \/>\n<meta property=\"og:url\" content=\"https:\/\/sereneswap.com\/de\/wp-json\/wp\/v2\/pages\/158\" \/>\n<meta property=\"og:site_name\" content=\"Serene Swap\" \/>\n<meta name=\"twitter:card\" content=\"summary_large_image\" \/>\n<meta name=\"twitter:label1\" content=\"Gesch\u00e4tzte Lesezeit\" \/>\n\t<meta name=\"twitter:data1\" content=\"1\u00a0Minute\" \/>\n<script type=\"application\/ld+json\" class=\"yoast-schema-graph\">{\"@context\":\"https:\/\/schema.org\",\"@graph\":[{\"@type\":\"WebPage\",\"@id\":\"https:\/\/sereneswap.com\/refund-and-cancellation-policy\/\",\"url\":\"https:\/\/sereneswap.com\/refund-and-cancellation-policy\/\",\"name\":\"Refund and Cancellation Policy - Serene Swap\",\"isPartOf\":{\"@id\":\"https:\/\/sereneswap.com\/#website\"},\"datePublished\":\"2024-09-16T14:25:48+00:00\",\"dateModified\":\"2024-09-16T14:25:48+00:00\",\"breadcrumb\":{\"@id\":\"https:\/\/sereneswap.com\/refund-and-cancellation-policy\/#breadcrumb\"},\"inLanguage\":\"de\",\"potentialAction\":[{\"@type\":\"ReadAction\",\"target\":[\"https:\/\/sereneswap.com\/refund-and-cancellation-policy\/\"]}]},{\"@type\":\"BreadcrumbList\",\"@id\":\"https:\/\/sereneswap.com\/refund-and-cancellation-policy\/#breadcrumb\",\"itemListElement\":[{\"@type\":\"ListItem\",\"position\":1,\"name\":\"Home\",\"item\":\"https:\/\/sereneswap.com\/\"},{\"@type\":\"ListItem\",\"position\":2,\"name\":\"Refund and Cancellation Policy\"}]},{\"@type\":\"WebSite\",\"@id\":\"https:\/\/sereneswap.com\/#website\",\"url\":\"https:\/\/sereneswap.com\/\",\"name\":\"Serene Swap\",\"description\":\"\",\"publisher\":{\"@id\":\"https:\/\/sereneswap.com\/#organization\"},\"potentialAction\":[{\"@type\":\"SearchAction\",\"target\":{\"@type\":\"EntryPoint\",\"urlTemplate\":\"https:\/\/sereneswap.com\/?s={search_term_string}\"},\"query-input\":\"required name=search_term_string\"}],\"inLanguage\":\"de\"},{\"@type\":\"Organization\",\"@id\":\"https:\/\/sereneswap.com\/#organization\",\"name\":\"Serene Swap\",\"url\":\"https:\/\/sereneswap.com\/\",\"logo\":{\"@type\":\"ImageObject\",\"inLanguage\":\"de\",\"@id\":\"https:\/\/sereneswap.com\/#\/schema\/logo\/image\/\",\"url\":\"https:\/\/sereneswap.com\/wp-content\/uploads\/2023\/10\/Logo.svg\",\"contentUrl\":\"https:\/\/sereneswap.com\/wp-content\/uploads\/2023\/10\/Logo.svg\",\"width\":266,\"height\":50,\"caption\":\"Serene Swap\"},\"image\":{\"@id\":\"https:\/\/sereneswap.com\/#\/schema\/logo\/image\/\"}}]}<\/script>\n<!-- \/ Yoast SEO plugin. -->","yoast_head_json":{"title":"Refund and Cancellation Policy - Serene Swap","robots":{"index":"index","follow":"follow","max-snippet":"max-snippet:-1","max-image-preview":"max-image-preview:large","max-video-preview":"max-video-preview:-1"},"canonical":"https:\/\/sereneswap.com\/de\/refund-and-cancellation-policy\/","og_locale":"de_DE","og_type":"article","og_title":"Refund and Cancellation Policy - Serene Swap","og_description":"Refunds No refunds \u2013 all exchange operations, sales, and purchases of Cryptocurrency via the Service are final. Cancellation","og_url":"https:\/\/sereneswap.com\/de\/wp-json\/wp\/v2\/pages\/158","og_site_name":"Serene Swap","twitter_card":"summary_large_image","twitter_misc":{"Gesch\u00e4tzte Lesezeit":"1\u00a0Minute"},"schema":{"@context":"https:\/\/schema.org","@graph":[{"@type":"WebPage","@id":"https:\/\/sereneswap.com\/refund-and-cancellation-policy\/","url":"https:\/\/sereneswap.com\/refund-and-cancellation-policy\/","name":"Refund and Cancellation Policy - Serene Swap","isPartOf":{"@id":"https:\/\/sereneswap.com\/#website"},"datePublished":"2024-09-16T14:25:48+00:00","dateModified":"2024-09-16T14:25:48+00:00","breadcrumb":{"@id":"https:\/\/sereneswap.com\/refund-and-cancellation-policy\/#breadcrumb"},"inLanguage":"de","potentialAction":[{"@type":"ReadAction","target":["https:\/\/sereneswap.com\/refund-and-cancellation-policy\/"]}]},{"@type":"BreadcrumbList","@id":"https:\/\/sereneswap.com\/refund-and-cancellation-policy\/#breadcrumb","itemListElement":[{"@type":"ListItem","position":1,"name":"Home","item":"https:\/\/sereneswap.com\/"},{"@type":"ListItem","position":2,"name":"Refund and Cancellation Policy"}]},{"@type":"WebSite","@id":"https:\/\/sereneswap.com\/#website","url":"https:\/\/sereneswap.com\/","name":"Serene Swap","description":"","publisher":{"@id":"https:\/\/sereneswap.com\/#organization"},"potentialAction":[{"@type":"SearchAction","target":{"@type":"EntryPoint","urlTemplate":"https:\/\/sereneswap.com\/?s={search_term_string}"},"query-input":"required name=search_term_string"}],"inLanguage":"de"},{"@type":"Organization","@id":"https:\/\/sereneswap.com\/#organization","name":"Serene Swap","url":"https:\/\/sereneswap.com\/","logo":{"@type":"ImageObject","inLanguage":"de","@id":"https:\/\/sereneswap.com\/#\/schema\/logo\/image\/","url":"https:\/\/sereneswap.com\/wp-content\/uploads\/2023\/10\/Logo.svg","contentUrl":"https:\/\/sereneswap.com\/wp-content\/uploads\/2023\/10\/Logo.svg","width":266,"height":50,"caption":"Serene Swap"},"image":{"@id":"https:\/\/sereneswap.com\/#\/schema\/logo\/image\/"}}]}},"_links":{"self":[{"href":"https:\/\/sereneswap.com\/de\/wp-json\/wp\/v2\/pages\/158"}],"collection":[{"href":"https:\/\/sereneswap.com\/de\/wp-json\/wp\/v2\/pages"}],"about":[{"href":"https:\/\/sereneswap.com\/de\/wp-json\/wp\/v2\/types\/page"}],"author":[{"embeddable":true,"href":"https:\/\/sereneswap.com\/de\/wp-json\/wp\/v2\/users\/1"}],"replies":[{"embeddable":true,"href":"https:\/\/sereneswap.com\/de\/wp-json\/wp\/v2\/comments?post=158"}],"version-history":[{"count":3,"href":"https:\/\/sereneswap.com\/de\/wp-json\/wp\/v2\/pages\/158\/revisions"}],"predecessor-version":[{"id":171,"href":"https:\/\/sereneswap.com\/de\/wp-json\/wp\/v2\/pages\/158\/revisions\/171"}],"wp:attachment":[{"href":"https:\/\/sereneswap.com\/de\/wp-json\/wp\/v2\/media?parent=158"}],"curies":[{"name":"wp","href":"https:\/\/api.w.org\/{rel}","templated":true}]}}