{"id":156,"date":"2024-09-16T14:25:47","date_gmt":"2024-09-16T14:25:47","guid":{"rendered":"https:\/\/sereneswap.com\/?page_id=156"},"modified":"2024-09-26T07:32:57","modified_gmt":"2024-09-26T07:32:57","slug":"disclaimer","status":"publish","type":"page","link":"https:\/\/sereneswap.com\/it\/disclaimer\/","title":{"rendered":"Esclusione di responsabilit\u00e0"},"content":{"rendered":"<p><a href=\"https:\/\/sereneswap.com\/it\/\">Sereneswap.com<\/a> \u00e8 di propriet\u00e0 e gestito da Luca Investment Strategic Sp. z O.O. (numero di societ\u00e0 LLC23233), autorizzata a fornire servizi di valuta virtuale, con sede legale e operativa in via Ho\u017ca 86, Unit\u00e0 210, Varsavia, codice postale 00-682, Polonia.<\/p>\n\n\n\n<h2 class=\"wp-block-heading\">Divulgazione dei rischi<\/h2>\n\n\n\n<p>L'utente accetta di essere libero di scegliere se utilizzare o meno il servizio fornito da Serene Swap e di farlo a sua esclusiva discrezione e rischio. Lo scambio di valuta digitale \u00e8 considerato una transazione rischiosa con risultati altamente speculativi. Serene Swap non garantisce alcun profitto da qualsiasi attivit\u00e0 associata ai suoi servizi.&nbsp;<\/p>\n\n\n\n<ul>\n<li>L'utente accetta di essere libero di scegliere se utilizzare o meno il servizio fornito da Serene Swap e di farlo a sua esclusiva discrezione e rischio. L'utente conferma di aver compreso e accettato che i rischi associati ai Servizi sono accettabili, considerando i suoi obiettivi e le sue capacit\u00e0 finanziarie.<\/li>\n\n\n\n<li>L'utente riconosce che l'acquisto o la vendita di criptovalute comporta un rischio significativo. I prezzi possono fluttuare in qualsiasi giorno. A causa di tali fluttuazioni, le criptovalute possono guadagnare o perdere valore in qualsiasi momento. Le criptovalute possono essere soggette a forti oscillazioni di valore e possono persino perdere valore. Il trading di criptovalute presenta rischi unici, generalmente non condivisi con le valute ufficiali, i beni o le materie prime in un mercato. A differenza della maggior parte delle valute, sostenute da governi o altre entit\u00e0 legali, o di merci come l'oro o l'argento, le criptovalute sono un tipo di valuta unico, sostenuto dalla tecnologia e dalla fiducia. Nessuna banca centrale pu\u00f2 adottare misure correttive per proteggere il valore delle criptovalute in caso di crisi o emettere altra valuta.&nbsp;<\/li>\n\n\n\n<li>Dovete valutare se la detenzione di valuta digitale \u00e8 adatta alla vostra situazione finanziaria. La negoziazione e lo scambio di criptovalute comportano rischi significativi. Il valore delle attivit\u00e0 virtuali\/valute \u00e8 caratterizzato da un'elevata volatilit\u00e0 (il valore pu\u00f2 aumentare e diminuire significativamente in un periodo molto breve e in qualsiasi momento). Tali fluttuazioni di prezzo comportano incertezza. Il valore di una valuta virtuale e il crollo della domanda possono essere influenzati da molti fattori, tra cui bolle irrazionali (o razionali), perdita di fiducia nella valuta, cambiamenti nello sviluppo del software, decisioni governative, creazione di una valuta competitiva, problemi tecnici, dichiarazioni politiche o non politiche, dichiarazioni di influencer e notizie e attacchi di hacker.&nbsp;<\/li>\n\n\n\n<li>Le valute virtuali presentano rischi particolari che non sono generalmente condivisi con le valute ufficiali, in quanto non sono emesse da governi o con beni o materie prime tangibili o registrate nei registri ufficiali. Le valute virtuali sono beni digitali intangibili e decentralizzati, supportati da tecnologia e fiducia. Nessuna banca centrale o altra istituzione pu\u00f2 adottare misure per proteggere il valore di una valuta virtuale. Le valute virtuali sono sistemi autonomi e in gran parte non regolamentati di imprese e individui che emettono valute. Il rischio di perdita nell'acquisto, nella vendita o nella detenzione di attivit\u00e0\/valute virtuali pu\u00f2 essere notevole. Pertanto, \u00e8 necessario valutare attentamente se lo scambio di attivit\u00e0 virtuali \u00e8 adatto a voi alla luce della vostra condizione finanziaria. Serene Swap si avvale di fornitori di servizi di pagamento per il trasferimento di denaro fiat al fine di fornire servizi di scambio e operare con il denaro fiat, mentre le banche di assistenza non rappresentano in alcun modo un mezzo di scambio, trasferimento, prelievo, deposito o altra transazione in relazione alle valute virtuali.<\/li>\n\n\n\n<li>I vostri beni virtuali possono essere persi perdendo la password, la chiave privata o un altro codice di sicurezza. Fate attenzione a tenere per voi chiavi private, password, codici di sicurezza e parole e cambiateli regolarmente. L'utente \u00e8 responsabile della creazione di una password solida e del mantenimento della sicurezza e del controllo di tutti i dispositivi elettronici, ID, password, suggerimenti, numeri di identificazione personale o altri codici utilizzati per accedere ai Servizi Serene Swap e agli indirizzi dei portafogli inseriti durante il flusso di ordini di acquisto\/vendita. Qualsiasi perdita o compromissione delle informazioni precedenti e\/o delle informazioni personali dell'utente pu\u00f2 comportare l'accesso non autorizzato da parte di terzi al suo Conto Serene Swap o al suo indirizzo di portafoglio e la perdita o il furto dei suoi beni.&nbsp;<\/li>\n<\/ul>\n\n\n\n<p>L'utente \u00e8 tenuto a mantenere aggiornati il proprio indirizzo e-mail e il proprio numero di telefono nel profilo dell'account per ricevere eventuali avvisi o avvisi da parte di Serene Swap. L'utente non deve mai consentire l'accesso remoto o condividere il proprio computer e\/o lo schermo del computer con qualcun altro quando \u00e8 connesso al proprio account Serene Swap. Serene Swap non vi chieder\u00e0 mai le vostre password o i codici di autenticazione a due fattori. Serene Swap non si assume alcuna responsabilit\u00e0 per eventuali perdite subite dall'utente a causa della compromissione delle credenziali di accesso all'account senza alcuna colpa da parte di Serene Swap.&nbsp;<\/p>\n\n\n\n<p>Serene Swap non si assume alcuna responsabilit\u00e0 per il mancato rispetto o l'inosservanza di eventuali avvisi o segnalazioni da parte dell'utente. Nel caso in cui si ritenga che le informazioni del proprio account Serene Swap siano state compromesse, contattare immediatamente l'assistenza Serene Swap all'indirizzo <a href=\"mailto:info@sereneswap.com\">info@sereneswap.com<\/a>.<\/p>\n\n\n\n<ul>\n<li>L'utente riconosce e accetta che Serene Swap non agisce come consulente finanziario, non fornisce servizi di consulenza o orientamento sugli investimenti e qualsiasi comunicazione tra l'utente e Serene Swap non pu\u00f2 essere considerata una consulenza sugli investimenti. Fatti salvi i precedenti obblighi di Serene Swap, nel chiedere a Serene Swap di effettuare una transazione, l'utente dichiara di essere l'unico responsabile della valutazione indipendente e delle indagini sui rischi della transazione.&nbsp;<\/li>\n<\/ul>\n\n\n\n<p>L'utente dichiara di possedere conoscenze, conoscenze di mercato ed esperienza sufficienti per valutare i meriti e i rischi di qualsiasi transazione e di aver ricevuto una consulenza professionale in merito. Non forniamo alcuna garanzia in merito all'idoneit\u00e0 dei Servizi e non assumiamo alcun dovere fiduciario nei nostri rapporti con voi. Possiamo fornire informazioni sul prezzo, sulla gamma, sulla volatilit\u00e0 della valuta digitale e sugli eventi che hanno influenzato il prezzo della valuta digitale, ma questo non \u00e8 considerato un consiglio di investimento e non deve essere interpretato come tale. Qualsiasi decisione di acquisto o vendita di valuta digitale \u00e8 a vostro rischio e pericolo e Serene Swap non sar\u00e0 responsabile di eventuali perdite subite.<\/p>\n\n\n\n<ul>\n<li>Nella misura massima consentita dalla legge applicabile, l'utente, in conseguenza del presente accordo, \u00e8 tenuto a risarcire Serene Swap e i suoi partner per qualsiasi azione, responsabilit\u00e0, costo, reclamo, perdita, danno, procedimento o spesa subita o sostenuta se diretta o non direttamente derivante dall'uso del nostro sito web, dall'uso del servizio o dalla violazione dei nostri termini e condizioni.<\/li>\n<\/ul>\n\n\n\n<p>Serene Swap non \u00e8 responsabile di eventuali fluttuazioni di prezzo delle criptovalute. In caso di interruzione del mercato, Serene Swap pu\u00f2 sospendere i Servizi a sua discrezione e in aggiunta a qualsiasi altro diritto e rimedio. Serene Swap non sar\u00e0 responsabile di alcuna perdita subita dall'utente a causa di tale azione. In seguito a tale evento, quando i Servizi riprenderanno, l'utente riconosce che i tassi di mercato prevalenti potrebbero essere significativamente diversi da quelli disponibili in precedenza.<\/p>","protected":false},"excerpt":{"rendered":"<p>Sereneswap.com is owned and operated by Luca Investment Strategic Sp. z O.O. (the company number LLC23233), authorised to Provide virtual currency service, with a registered and operational address at 86 Ho\u017ca street, Unit 210, Warsaw, Postcode 00-682, Poland. Risks Disclosure You agree that you are free to choose whether or not to use the service [&hellip;]<\/p>","protected":false},"author":1,"featured_media":0,"parent":0,"menu_order":0,"comment_status":"closed","ping_status":"closed","template":"template-pages\/template-legal.php","meta":{"footnotes":""},"acf":[],"yoast_head":"<!-- This site is optimized with the Yoast SEO plugin v21.3 - https:\/\/yoast.com\/wordpress\/plugins\/seo\/ -->\n<title>Disclaimer - Serene Swap<\/title>\n<meta name=\"robots\" content=\"index, follow, max-snippet:-1, max-image-preview:large, max-video-preview:-1\" \/>\n<link rel=\"canonical\" href=\"https:\/\/sereneswap.com\/it\/disclaimer\/\" \/>\n<meta property=\"og:locale\" content=\"it_IT\" \/>\n<meta property=\"og:type\" content=\"article\" \/>\n<meta property=\"og:title\" content=\"Disclaimer - Serene Swap\" \/>\n<meta property=\"og:description\" content=\"Sereneswap.com is owned and operated by Luca Investment Strategic Sp. z O.O. (the company number LLC23233), authorised to Provide virtual currency service, with a registered and operational address at 86 Ho\u017ca street, Unit 210, Warsaw, Postcode 00-682, Poland. Risks Disclosure You agree that you are free to choose whether or not to use the service [&hellip;]\" \/>\n<meta property=\"og:url\" content=\"https:\/\/sereneswap.com\/it\/wp-json\/wp\/v2\/pages\/156\" \/>\n<meta property=\"og:site_name\" content=\"Serene Swap\" \/>\n<meta property=\"article:modified_time\" content=\"2024-09-26T07:32:57+00:00\" \/>\n<meta name=\"twitter:card\" content=\"summary_large_image\" \/>\n<meta name=\"twitter:label1\" content=\"Tempo di lettura stimato\" \/>\n\t<meta name=\"twitter:data1\" content=\"5 minuti\" \/>\n<script type=\"application\/ld+json\" class=\"yoast-schema-graph\">{\"@context\":\"https:\/\/schema.org\",\"@graph\":[{\"@type\":\"WebPage\",\"@id\":\"https:\/\/sereneswap.com\/disclaimer\/\",\"url\":\"https:\/\/sereneswap.com\/disclaimer\/\",\"name\":\"Disclaimer - Serene Swap\",\"isPartOf\":{\"@id\":\"https:\/\/sereneswap.com\/#website\"},\"datePublished\":\"2024-09-16T14:25:47+00:00\",\"dateModified\":\"2024-09-26T07:32:57+00:00\",\"breadcrumb\":{\"@id\":\"https:\/\/sereneswap.com\/disclaimer\/#breadcrumb\"},\"inLanguage\":\"it-IT\",\"potentialAction\":[{\"@type\":\"ReadAction\",\"target\":[\"https:\/\/sereneswap.com\/disclaimer\/\"]}]},{\"@type\":\"BreadcrumbList\",\"@id\":\"https:\/\/sereneswap.com\/disclaimer\/#breadcrumb\",\"itemListElement\":[{\"@type\":\"ListItem\",\"position\":1,\"name\":\"Home\",\"item\":\"https:\/\/sereneswap.com\/\"},{\"@type\":\"ListItem\",\"position\":2,\"name\":\"Disclaimer\"}]},{\"@type\":\"WebSite\",\"@id\":\"https:\/\/sereneswap.com\/#website\",\"url\":\"https:\/\/sereneswap.com\/\",\"name\":\"Serene Swap\",\"description\":\"\",\"publisher\":{\"@id\":\"https:\/\/sereneswap.com\/#organization\"},\"potentialAction\":[{\"@type\":\"SearchAction\",\"target\":{\"@type\":\"EntryPoint\",\"urlTemplate\":\"https:\/\/sereneswap.com\/?s={search_term_string}\"},\"query-input\":\"required name=search_term_string\"}],\"inLanguage\":\"it-IT\"},{\"@type\":\"Organization\",\"@id\":\"https:\/\/sereneswap.com\/#organization\",\"name\":\"Serene Swap\",\"url\":\"https:\/\/sereneswap.com\/\",\"logo\":{\"@type\":\"ImageObject\",\"inLanguage\":\"it-IT\",\"@id\":\"https:\/\/sereneswap.com\/#\/schema\/logo\/image\/\",\"url\":\"https:\/\/sereneswap.com\/wp-content\/uploads\/2023\/10\/Logo.svg\",\"contentUrl\":\"https:\/\/sereneswap.com\/wp-content\/uploads\/2023\/10\/Logo.svg\",\"width\":266,\"height\":50,\"caption\":\"Serene Swap\"},\"image\":{\"@id\":\"https:\/\/sereneswap.com\/#\/schema\/logo\/image\/\"}}]}<\/script>\n<!-- \/ Yoast SEO plugin. -->","yoast_head_json":{"title":"Disclaimer - Serene Swap","robots":{"index":"index","follow":"follow","max-snippet":"max-snippet:-1","max-image-preview":"max-image-preview:large","max-video-preview":"max-video-preview:-1"},"canonical":"https:\/\/sereneswap.com\/it\/disclaimer\/","og_locale":"it_IT","og_type":"article","og_title":"Disclaimer - Serene Swap","og_description":"Sereneswap.com is owned and operated by Luca Investment Strategic Sp. z O.O. (the company number LLC23233), authorised to Provide virtual currency service, with a registered and operational address at 86 Ho\u017ca street, Unit 210, Warsaw, Postcode 00-682, Poland. Risks Disclosure You agree that you are free to choose whether or not to use the service [&hellip;]","og_url":"https:\/\/sereneswap.com\/it\/wp-json\/wp\/v2\/pages\/156","og_site_name":"Serene Swap","article_modified_time":"2024-09-26T07:32:57+00:00","twitter_card":"summary_large_image","twitter_misc":{"Tempo di lettura stimato":"5 minuti"},"schema":{"@context":"https:\/\/schema.org","@graph":[{"@type":"WebPage","@id":"https:\/\/sereneswap.com\/disclaimer\/","url":"https:\/\/sereneswap.com\/disclaimer\/","name":"Disclaimer - Serene Swap","isPartOf":{"@id":"https:\/\/sereneswap.com\/#website"},"datePublished":"2024-09-16T14:25:47+00:00","dateModified":"2024-09-26T07:32:57+00:00","breadcrumb":{"@id":"https:\/\/sereneswap.com\/disclaimer\/#breadcrumb"},"inLanguage":"it-IT","potentialAction":[{"@type":"ReadAction","target":["https:\/\/sereneswap.com\/disclaimer\/"]}]},{"@type":"BreadcrumbList","@id":"https:\/\/sereneswap.com\/disclaimer\/#breadcrumb","itemListElement":[{"@type":"ListItem","position":1,"name":"Home","item":"https:\/\/sereneswap.com\/"},{"@type":"ListItem","position":2,"name":"Disclaimer"}]},{"@type":"WebSite","@id":"https:\/\/sereneswap.com\/#website","url":"https:\/\/sereneswap.com\/","name":"Serene Swap","description":"","publisher":{"@id":"https:\/\/sereneswap.com\/#organization"},"potentialAction":[{"@type":"SearchAction","target":{"@type":"EntryPoint","urlTemplate":"https:\/\/sereneswap.com\/?s={search_term_string}"},"query-input":"required name=search_term_string"}],"inLanguage":"it-IT"},{"@type":"Organization","@id":"https:\/\/sereneswap.com\/#organization","name":"Serene Swap","url":"https:\/\/sereneswap.com\/","logo":{"@type":"ImageObject","inLanguage":"it-IT","@id":"https:\/\/sereneswap.com\/#\/schema\/logo\/image\/","url":"https:\/\/sereneswap.com\/wp-content\/uploads\/2023\/10\/Logo.svg","contentUrl":"https:\/\/sereneswap.com\/wp-content\/uploads\/2023\/10\/Logo.svg","width":266,"height":50,"caption":"Serene Swap"},"image":{"@id":"https:\/\/sereneswap.com\/#\/schema\/logo\/image\/"}}]}},"_links":{"self":[{"href":"https:\/\/sereneswap.com\/it\/wp-json\/wp\/v2\/pages\/156"}],"collection":[{"href":"https:\/\/sereneswap.com\/it\/wp-json\/wp\/v2\/pages"}],"about":[{"href":"https:\/\/sereneswap.com\/it\/wp-json\/wp\/v2\/types\/page"}],"author":[{"embeddable":true,"href":"https:\/\/sereneswap.com\/it\/wp-json\/wp\/v2\/users\/1"}],"replies":[{"embeddable":true,"href":"https:\/\/sereneswap.com\/it\/wp-json\/wp\/v2\/comments?post=156"}],"version-history":[{"count":7,"href":"https:\/\/sereneswap.com\/it\/wp-json\/wp\/v2\/pages\/156\/revisions"}],"predecessor-version":[{"id":203,"href":"https:\/\/sereneswap.com\/it\/wp-json\/wp\/v2\/pages\/156\/revisions\/203"}],"wp:attachment":[{"href":"https:\/\/sereneswap.com\/it\/wp-json\/wp\/v2\/media?parent=156"}],"curies":[{"name":"wp","href":"https:\/\/api.w.org\/{rel}","templated":true}]}}