{"id":160,"date":"2024-09-16T14:25:46","date_gmt":"2024-09-16T14:25:46","guid":{"rendered":"https:\/\/sereneswap.com\/?page_id=160"},"modified":"2024-09-26T07:35:34","modified_gmt":"2024-09-26T07:35:34","slug":"aml-policy","status":"publish","type":"page","link":"https:\/\/sereneswap.com\/it\/aml-policy\/","title":{"rendered":"Politica antiriciclaggio"},"content":{"rendered":"<p>Luca Investment Strategic Sp. z O.O., numero di registrazione LLC23233, autorizzata a fornire servizi di valuta virtuale, con sede legale e operativa in via Ho\u017ca 86, Unit\u00e0 210, Varsavia, codice postale 00-682, Polonia (di seguito anche \"noi\", \"ci\" e in caso di relazione tous - \"nostro\"), che fornisce i Servizi attraverso sereneswap.com (il Sito web) e\/o l'applicazione mobile (collettivamente o singolarmente \"la Piattaforma\").<\/p>\n\n\n\n<h2 class=\"wp-block-heading\">L'obiettivo della politica antiriciclaggio<\/h2>\n\n\n\n<p>Luca Investment Strategic Sp. z O.O. ha l'obbligo di applicare i requisiti antiriciclaggio (AML) nella sua attivit\u00e0. Tutto il nostro personale si impegna a perseguire i pi\u00f9 alti standard di conformit\u00e0 in materia di antiriciclaggio e di conoscenza del cliente (KYC) per ridurre il rischio che i nostri servizi vengano utilizzati per facilitare i crimini finanziari.<\/p>\n\n\n\n<p>Abbiamo implementato il quadro della politica antiriciclaggio al fine di garantire che vengano adottate tutte le misure necessarie per raggiungere la piena sicurezza dei nostri servizi. In questa politica antiriciclaggio, ci impegniamo a seguire le disposizioni specificate nelle leggi antiriciclaggio della Lituania e nelle linee guida antiriciclaggio dell'UE e internazionali.<\/p>\n\n\n\n<h2 class=\"wp-block-heading\">Che cos'\u00e8 la politica antiriciclaggio?<\/h2>\n\n\n\n<p>La politica antiriciclaggio \u00e8 la procedura per proibire e prevenire attivamente il riciclaggio di denaro e qualsiasi attivit\u00e0 che faciliti il riciclaggio di denaro o il finanziamento di attivit\u00e0 terroristiche o criminali, rispettando tutti i requisiti applicabili. Le misure KYC fanno parte della politica antiriciclaggio. Le misure KYC hanno lo scopo di consentire alle aziende di conoscere e comprendere meglio i propri clienti e di aiutarle a gestire i rischi. Le nostre politiche antiriciclaggio, le procedure e i controlli interni sono concepiti per garantire la conformit\u00e0 a tutte le normative europee e internazionali applicabili.&nbsp;<\/p>\n\n\n\n<p>Tali documenti saranno rivisti e aggiornati periodicamente per garantire l'adozione di politiche, procedure e controlli interni appropriati che tengano conto sia delle modifiche normative sia dei cambiamenti nella nostra attivit\u00e0.<\/p>\n\n\n\n<p>In caso di transazioni o comportamenti dei clienti potenzialmente sospetti o insoliti, adottiamo misure adeguate per affrontare i rischi. Tutto il personale che gestisce le transazioni pu\u00f2 richiedere ulteriori documenti, come la prova della fonte dei fondi, ecc.<\/p>\n\n\n\n<p>Manteniamo una procedura ben organizzata per la conservazione di tutti i registri, compresi i documenti di identificazione dei clienti e i relativi dati. Tutte le informazioni sui clienti e sulle transazioni sono conservate in modo riservato e in conformit\u00e0 alle leggi sulla protezione dei dati personali.<\/p>\n\n\n\n<h2 class=\"wp-block-heading\">La nostra politica antiriciclaggio comprende:<\/h2>\n\n\n\n<p>Stabilire politiche, procedure e controlli interni solidi che contrastino qualsiasi tentativo di utilizzarci per scopi illegali o illeciti e che siano progettati per garantire ai nostri clienti le tutele di base previste dalle leggi sulla protezione dei consumatori.<\/p>\n\n\n\n<ul>\n<li>Assunzione di un responsabile della compliance AML\/CFT per le nostre procedure AMC\/CFT.<\/li>\n\n\n\n<li>Effettuare annualmente una revisione interna e indipendente delle nostre politiche di lotta al terrorismo.<\/li>\n\n\n\n<li>Identificazione e verifica del cliente prima di avviare un rapporto commerciale finanziario con noi.<\/li>\n\n\n\n<li>Definizione e mantenimento di una due diligence della clientela basata sul rischio, compresa una due diligence rafforzata per i clienti che presentano rischi pi\u00f9 elevati.<\/li>\n\n\n\n<li>Monitoraggio delle transazioni del comportamento finanziario del cliente sulla base di un'analisi basata sul rischio.<\/li>\n\n\n\n<li>Procedure per la segnalazione di attivit\u00e0 sospette internamente e alle autorit\u00e0 di polizia competenti.<\/li>\n\n\n\n<li>Formazione periodica sull'antiriciclaggio per il nostro personale.<\/li>\n<\/ul>\n\n\n\n<p>Siamo obbligati a rifiutare i documenti del cliente, a chiudere il conto e a interrompere il rapporto commerciale se riscontriamo attivit\u00e0 sospette, documenti falsi o mancata collaborazione da parte del cliente nell'ambito del processo di due diligence.<\/p>\n\n\n\n<h2 class=\"wp-block-heading\">Paesi sanzionati<\/h2>\n\n\n\n<p>In conformit\u00e0 alle nostre politiche, non apriamo conti quando il vostro volume di scambi aumenta. Aumentano anche i nostri obblighi di verifica antiriciclaggio\/TCF. Lo stesso accade quando le vostre transazioni vengono \"segnalate\" come sospette o insolite, o quando la nostra verifica dei vostri dati personali vi qualifica come persone che comportano un rischio significativo di riciclaggio\/TCF. Non elaboriamo transazioni per i cittadini e i residenti di paesi in cui le transazioni sono vietate da sanzioni internazionali o da normative interne, n\u00e9 per i paesi che, in base a vari criteri selezionati dal nostro team antiriciclaggio (ad esempio, l'indice di percezione della corruzione di Transparency International, gli avvertimenti del GAFI, i paesi con regimi antiriciclaggio e di finanziamento del terrorismo deboli stabiliti dalla Commissione europea), presentano un rischio elevato di riciclaggio e di finanziamento del terrorismo.<\/p>\n\n\n\n<h3 class=\"wp-block-heading\">Attualmente, questi paesi sono:<\/h3>\n\n\n\n<p>Afghanistan, Albania, Algeria, Bahamas, Barbados, Bielorussia, Bosnia-Erzegovina, Botswana, Burkina Faso, Burundi, Cambogia, Isole Cayman, Repubblica Centrafricana, Cina, Congo, Cuba, Repubblica Democratica del Congo, Egitto, Guinea Equatoriale, Eritrea, Etiopia, Ghana, Guinea Bissau, Haiti, Iran, Iraq, Israele, Giamaica, Giappone, Giordania, Kirghizistan, Libano, Libia, Mali, Malta, Maynmar, Marocco, Mozambico, Niger, Nigeria, Nicaragua, Pakistan, Territorio della Palestina, Panama, Filippine, Porto Rico, Russia, Senegal, Serbia, Somalia, Sudan del Sud, Sudan, Arabia Saudita, Siria, Tunisia, Turchia, Uganda, Ucraina, Emirati Arabi Uniti, Uzbekistan, Stati Uniti, Venezuela, Isole Vergini U.S., Yemen, Zimbabwe.<\/p>","protected":false},"excerpt":{"rendered":"<p>Luca Investment Strategic Sp. z O.O., reg. number LLC23233, authorised to provide virtual currency service, with registered and operational address at 86 Ho\u017ca street, Unit 210, Warsaw, Postcode 00-682, Poland (hereinafter also as \u201cus,\u201d \u201cwe\u201d and in case of relation tous \u2013 \u201cour\u201d), which provides Services through sereneswap.com (the Website) and\/or mobile application (collectively or [&hellip;]<\/p>","protected":false},"author":1,"featured_media":0,"parent":0,"menu_order":0,"comment_status":"closed","ping_status":"closed","template":"template-pages\/template-legal.php","meta":{"footnotes":""},"acf":[],"yoast_head":"<!-- This site is optimized with the Yoast SEO plugin v21.3 - https:\/\/yoast.com\/wordpress\/plugins\/seo\/ -->\n<title>AML Policy - Serene Swap<\/title>\n<meta name=\"robots\" content=\"index, follow, max-snippet:-1, max-image-preview:large, max-video-preview:-1\" \/>\n<link rel=\"canonical\" href=\"https:\/\/sereneswap.com\/it\/aml-policy\/\" \/>\n<meta property=\"og:locale\" content=\"it_IT\" \/>\n<meta property=\"og:type\" content=\"article\" \/>\n<meta property=\"og:title\" content=\"AML Policy - Serene Swap\" \/>\n<meta property=\"og:description\" content=\"Luca Investment Strategic Sp. z O.O., reg. number LLC23233, authorised to provide virtual currency service, with registered and operational address at 86 Ho\u017ca street, Unit 210, Warsaw, Postcode 00-682, Poland (hereinafter also as \u201cus,\u201d \u201cwe\u201d and in case of relation tous \u2013 \u201cour\u201d), which provides Services through sereneswap.com (the Website) and\/or mobile application (collectively or [&hellip;]\" \/>\n<meta property=\"og:url\" content=\"https:\/\/sereneswap.com\/it\/wp-json\/wp\/v2\/pages\/160\" \/>\n<meta property=\"og:site_name\" content=\"Serene Swap\" \/>\n<meta property=\"article:modified_time\" content=\"2024-09-26T07:35:34+00:00\" \/>\n<meta name=\"twitter:card\" content=\"summary_large_image\" \/>\n<meta name=\"twitter:label1\" content=\"Tempo di lettura stimato\" \/>\n\t<meta name=\"twitter:data1\" content=\"4 minuti\" \/>\n<script type=\"application\/ld+json\" class=\"yoast-schema-graph\">{\"@context\":\"https:\/\/schema.org\",\"@graph\":[{\"@type\":\"WebPage\",\"@id\":\"https:\/\/sereneswap.com\/aml-policy\/\",\"url\":\"https:\/\/sereneswap.com\/aml-policy\/\",\"name\":\"AML Policy - Serene Swap\",\"isPartOf\":{\"@id\":\"https:\/\/sereneswap.com\/#website\"},\"datePublished\":\"2024-09-16T14:25:46+00:00\",\"dateModified\":\"2024-09-26T07:35:34+00:00\",\"breadcrumb\":{\"@id\":\"https:\/\/sereneswap.com\/aml-policy\/#breadcrumb\"},\"inLanguage\":\"it-IT\",\"potentialAction\":[{\"@type\":\"ReadAction\",\"target\":[\"https:\/\/sereneswap.com\/aml-policy\/\"]}]},{\"@type\":\"BreadcrumbList\",\"@id\":\"https:\/\/sereneswap.com\/aml-policy\/#breadcrumb\",\"itemListElement\":[{\"@type\":\"ListItem\",\"position\":1,\"name\":\"Home\",\"item\":\"https:\/\/sereneswap.com\/\"},{\"@type\":\"ListItem\",\"position\":2,\"name\":\"AML Policy\"}]},{\"@type\":\"WebSite\",\"@id\":\"https:\/\/sereneswap.com\/#website\",\"url\":\"https:\/\/sereneswap.com\/\",\"name\":\"Serene Swap\",\"description\":\"\",\"publisher\":{\"@id\":\"https:\/\/sereneswap.com\/#organization\"},\"potentialAction\":[{\"@type\":\"SearchAction\",\"target\":{\"@type\":\"EntryPoint\",\"urlTemplate\":\"https:\/\/sereneswap.com\/?s={search_term_string}\"},\"query-input\":\"required name=search_term_string\"}],\"inLanguage\":\"it-IT\"},{\"@type\":\"Organization\",\"@id\":\"https:\/\/sereneswap.com\/#organization\",\"name\":\"Serene Swap\",\"url\":\"https:\/\/sereneswap.com\/\",\"logo\":{\"@type\":\"ImageObject\",\"inLanguage\":\"it-IT\",\"@id\":\"https:\/\/sereneswap.com\/#\/schema\/logo\/image\/\",\"url\":\"https:\/\/sereneswap.com\/wp-content\/uploads\/2023\/10\/Logo.svg\",\"contentUrl\":\"https:\/\/sereneswap.com\/wp-content\/uploads\/2023\/10\/Logo.svg\",\"width\":266,\"height\":50,\"caption\":\"Serene Swap\"},\"image\":{\"@id\":\"https:\/\/sereneswap.com\/#\/schema\/logo\/image\/\"}}]}<\/script>\n<!-- \/ Yoast SEO plugin. -->","yoast_head_json":{"title":"AML Policy - Serene Swap","robots":{"index":"index","follow":"follow","max-snippet":"max-snippet:-1","max-image-preview":"max-image-preview:large","max-video-preview":"max-video-preview:-1"},"canonical":"https:\/\/sereneswap.com\/it\/aml-policy\/","og_locale":"it_IT","og_type":"article","og_title":"AML Policy - Serene Swap","og_description":"Luca Investment Strategic Sp. z O.O., reg. number LLC23233, authorised to provide virtual currency service, with registered and operational address at 86 Ho\u017ca street, Unit 210, Warsaw, Postcode 00-682, Poland (hereinafter also as \u201cus,\u201d \u201cwe\u201d and in case of relation tous \u2013 \u201cour\u201d), which provides Services through sereneswap.com (the Website) and\/or mobile application (collectively or [&hellip;]","og_url":"https:\/\/sereneswap.com\/it\/wp-json\/wp\/v2\/pages\/160","og_site_name":"Serene Swap","article_modified_time":"2024-09-26T07:35:34+00:00","twitter_card":"summary_large_image","twitter_misc":{"Tempo di lettura stimato":"4 minuti"},"schema":{"@context":"https:\/\/schema.org","@graph":[{"@type":"WebPage","@id":"https:\/\/sereneswap.com\/aml-policy\/","url":"https:\/\/sereneswap.com\/aml-policy\/","name":"AML Policy - Serene Swap","isPartOf":{"@id":"https:\/\/sereneswap.com\/#website"},"datePublished":"2024-09-16T14:25:46+00:00","dateModified":"2024-09-26T07:35:34+00:00","breadcrumb":{"@id":"https:\/\/sereneswap.com\/aml-policy\/#breadcrumb"},"inLanguage":"it-IT","potentialAction":[{"@type":"ReadAction","target":["https:\/\/sereneswap.com\/aml-policy\/"]}]},{"@type":"BreadcrumbList","@id":"https:\/\/sereneswap.com\/aml-policy\/#breadcrumb","itemListElement":[{"@type":"ListItem","position":1,"name":"Home","item":"https:\/\/sereneswap.com\/"},{"@type":"ListItem","position":2,"name":"AML Policy"}]},{"@type":"WebSite","@id":"https:\/\/sereneswap.com\/#website","url":"https:\/\/sereneswap.com\/","name":"Serene Swap","description":"","publisher":{"@id":"https:\/\/sereneswap.com\/#organization"},"potentialAction":[{"@type":"SearchAction","target":{"@type":"EntryPoint","urlTemplate":"https:\/\/sereneswap.com\/?s={search_term_string}"},"query-input":"required name=search_term_string"}],"inLanguage":"it-IT"},{"@type":"Organization","@id":"https:\/\/sereneswap.com\/#organization","name":"Serene Swap","url":"https:\/\/sereneswap.com\/","logo":{"@type":"ImageObject","inLanguage":"it-IT","@id":"https:\/\/sereneswap.com\/#\/schema\/logo\/image\/","url":"https:\/\/sereneswap.com\/wp-content\/uploads\/2023\/10\/Logo.svg","contentUrl":"https:\/\/sereneswap.com\/wp-content\/uploads\/2023\/10\/Logo.svg","width":266,"height":50,"caption":"Serene Swap"},"image":{"@id":"https:\/\/sereneswap.com\/#\/schema\/logo\/image\/"}}]}},"_links":{"self":[{"href":"https:\/\/sereneswap.com\/it\/wp-json\/wp\/v2\/pages\/160"}],"collection":[{"href":"https:\/\/sereneswap.com\/it\/wp-json\/wp\/v2\/pages"}],"about":[{"href":"https:\/\/sereneswap.com\/it\/wp-json\/wp\/v2\/types\/page"}],"author":[{"embeddable":true,"href":"https:\/\/sereneswap.com\/it\/wp-json\/wp\/v2\/users\/1"}],"replies":[{"embeddable":true,"href":"https:\/\/sereneswap.com\/it\/wp-json\/wp\/v2\/comments?post=160"}],"version-history":[{"count":4,"href":"https:\/\/sereneswap.com\/it\/wp-json\/wp\/v2\/pages\/160\/revisions"}],"predecessor-version":[{"id":204,"href":"https:\/\/sereneswap.com\/it\/wp-json\/wp\/v2\/pages\/160\/revisions\/204"}],"wp:attachment":[{"href":"https:\/\/sereneswap.com\/it\/wp-json\/wp\/v2\/media?parent=160"}],"curies":[{"name":"wp","href":"https:\/\/api.w.org\/{rel}","templated":true}]}}