{"id":156,"date":"2024-09-16T14:25:47","date_gmt":"2024-09-16T14:25:47","guid":{"rendered":"https:\/\/sereneswap.com\/?page_id=156"},"modified":"2024-09-26T07:32:57","modified_gmt":"2024-09-26T07:32:57","slug":"disclaimer","status":"publish","type":"page","link":"https:\/\/sereneswap.com\/pl\/disclaimer\/","title":{"rendered":"Zastrze\u017cenie"},"content":{"rendered":"<p><a href=\"https:\/\/sereneswap.com\/pl\/\">Sereneswap.com<\/a> jest w\u0142asno\u015bci\u0105 i jest zarz\u0105dzana przez Luca Investment Strategic Sp. z o.o. (numer firmy LLC23233), upowa\u017cnion\u0105 do \u015bwiadczenia us\u0142ug wirtualnej waluty, z zarejestrowanym i operacyjnym adresem przy ulicy Ho\u017cej 86, jednostka 210, Warszawa, kod pocztowy 00-682, Polska.<\/p>\n\n\n\n<h2 class=\"wp-block-heading\">Ujawnienie ryzyka<\/h2>\n\n\n\n<p>U\u017cytkownik zgadza si\u0119, \u017ce ma swobod\u0119 wyboru, czy korzysta\u0107 z us\u0142ugi \u015bwiadczonej przez Serene Swap i \u017ce robi to wed\u0142ug w\u0142asnego uznania i na w\u0142asne ryzyko. Cyfrowa wymiana walut jest uwa\u017cana za ryzykown\u0105 transakcj\u0119 o wysoce spekulacyjnych wynikach. Serene Swap nie gwarantuje \u017cadnego zysku z jakiejkolwiek dzia\u0142alno\u015bci zwi\u0105zanej z jej us\u0142ugami.&nbsp;<\/p>\n\n\n\n<ul>\n<li>U\u017cytkownik zgadza si\u0119, \u017ce ma swobod\u0119 wyboru, czy chce korzysta\u0107 z us\u0142ug \u015bwiadczonych przez Serene Swap i robi to wed\u0142ug w\u0142asnego uznania i na w\u0142asne ryzyko. U\u017cytkownik potwierdza, \u017ce rozumie i zgadza si\u0119, \u017ce ryzyko zwi\u0105zane z Us\u0142ugami jest akceptowalne, bior\u0105c pod uwag\u0119 jego cele i mo\u017cliwo\u015bci finansowe.<\/li>\n\n\n\n<li>U\u017cytkownik przyjmuje do wiadomo\u015bci, \u017ce zakup lub sprzeda\u017c kryptowaluty wi\u0105\u017ce si\u0119 ze znacznym ryzykiem. Ceny mog\u0105 ulega\u0107 wahaniom w dowolnym dniu. Z powodu takich waha\u0144 kryptowaluta mo\u017ce zyska\u0107 lub straci\u0107 na warto\u015bci w dowolnym momencie. Kryptowaluta mo\u017ce podlega\u0107 du\u017cym wahaniom warto\u015bci, a nawet sta\u0107 si\u0119 bezwarto\u015bciowa. Handel kryptowalutami wi\u0105\u017ce si\u0119 z wyj\u0105tkowym ryzykiem, kt\u00f3re nie wyst\u0119puje w przypadku oficjalnych walut, towar\u00f3w lub d\u00f3br na rynku. W przeciwie\u0144stwie do wi\u0119kszo\u015bci walut, wspieranych przez rz\u0105dy lub inne podmioty prawne, lub towar\u00f3w takich jak z\u0142oto lub srebro, kryptowaluta jest unikalnym rodzajem waluty, wspieranym przez technologi\u0119 i zaufanie. \u017baden bank centralny nie mo\u017ce podj\u0105\u0107 dzia\u0142a\u0144 naprawczych w celu ochrony warto\u015bci kryptowaluty w czasie kryzysu ani wyemitowa\u0107 wi\u0119kszej ilo\u015bci waluty.&nbsp;<\/li>\n\n\n\n<li>Powiniene\u015b rozwa\u017cy\u0107, czy posiadanie waluty cyfrowej odpowiada Twojej sytuacji finansowej. Handel i wymiana kryptowalut wi\u0105\u017ce si\u0119 ze znacznym ryzykiem. Warto\u015b\u0107 wirtualnych aktyw\u00f3w\/walut charakteryzuje si\u0119 du\u017c\u0105 zmienno\u015bci\u0105 (warto\u015b\u0107 mo\u017ce znacznie wzrosn\u0105\u0107 lub spa\u015b\u0107 w bardzo kr\u00f3tkim czasie i w dowolnym momencie). Takie wahania cen nios\u0105 ze sob\u0105 niepewno\u015b\u0107. Na warto\u015b\u0107 waluty wirtualnej i za\u0142amanie popytu mo\u017ce wp\u0142ywa\u0107 wiele czynnik\u00f3w, w tym irracjonalne (lub racjonalne) ba\u0144ki, utrata zaufania do waluty, zmiany w rozwoju oprogramowania, decyzje rz\u0105dowe, tworzenie konkurencyjnej waluty, problemy techniczne, o\u015bwiadczenia polityczne lub niepolityczne, o\u015bwiadczenia wp\u0142ywowych os\u00f3b i wiadomo\u015bci oraz ataki haker\u00f3w.&nbsp;<\/li>\n\n\n\n<li>Waluty wirtualne wi\u0105\u017c\u0105 si\u0119 ze szczeg\u00f3lnym ryzykiem, kt\u00f3re zasadniczo nie jest dzielone z oficjalnymi walutami, poniewa\u017c nie s\u0105 one emitowane przez rz\u0105dy, nie zawieraj\u0105 namacalnych towar\u00f3w lub d\u00f3br ani nie s\u0105 zarejestrowane w oficjalnym rejestrze. Waluty wirtualne s\u0105 niematerialnymi, zdecentralizowanymi aktywami cyfrowymi wspieranymi przez technologi\u0119 i zaufanie. \u017baden bank centralny ani inna instytucja nie mo\u017ce podj\u0105\u0107 \u017cadnych \u015brodk\u00f3w w celu ochrony warto\u015bci waluty wirtualnej. Waluty wirtualne to autonomiczne i w du\u017cej mierze nieuregulowane systemy firm i os\u00f3b fizycznych emituj\u0105cych waluty. Ryzyko straty przy zakupie, sprzeda\u017cy lub posiadaniu wirtualnych aktyw\u00f3w\/walut mo\u017ce by\u0107 znaczne. U\u017cytkownik powinien zatem dok\u0142adnie rozwa\u017cy\u0107, czy wymiana wirtualnych aktyw\u00f3w jest dla niego odpowiednia w \u015bwietle jego sytuacji finansowej. Serene Swap korzysta z us\u0142ug dostawc\u00f3w p\u0142atno\u015bci w zakresie transfer\u00f3w pieni\u0119dzy fiducjarnych w celu \u015bwiadczenia us\u0142ug wymiany i operowania pieni\u0119dzmi fiducjarnymi, podczas gdy banki pomocnicze w \u017caden spos\u00f3b nie stanowi\u0105 \u015brodka wymiany, przelewu, wyp\u0142aty, depozytu ani innej transakcji zwi\u0105zanej z walutami wirtualnymi.<\/li>\n\n\n\n<li>Twoje wirtualne aktywa mog\u0105 zosta\u0107 utracone w wyniku utraty has\u0142a, klucza prywatnego lub innego kodu bezpiecze\u0144stwa. Nale\u017cy zachowa\u0107 ostro\u017cno\u015b\u0107 i regularnie zmienia\u0107 klucze prywatne, has\u0142a, kody bezpiecze\u0144stwa i s\u0142owa. U\u017cytkownik jest odpowiedzialny za stworzenie solidnego has\u0142a oraz utrzymanie bezpiecze\u0144stwa i kontroli nad wszelkimi urz\u0105dzeniami elektronicznymi, identyfikatorami, has\u0142ami, podpowiedziami, osobistymi numerami identyfikacyjnymi lub innymi kodami, kt\u00f3rych u\u017cywa w celu uzyskania dost\u0119pu do us\u0142ug Serene Swap i adres\u00f3w portfela, kt\u00f3re wprowadza podczas przep\u0142ywu zlece\u0144 kupna\/sprzeda\u017cy. Jakakolwiek utrata lub naruszenie powy\u017cszych informacji i\/lub danych osobowych u\u017cytkownika mo\u017ce skutkowa\u0107 nieautoryzowanym dost\u0119pem os\u00f3b trzecich do konta Serene Swap lub adresu portfela oraz utrat\u0105 lub kradzie\u017c\u0105 aktyw\u00f3w u\u017cytkownika.&nbsp;<\/li>\n<\/ul>\n\n\n\n<p>U\u017cytkownik jest odpowiedzialny za aktualizowanie swojego adresu e-mail i numeru telefonu w Profilu Konta, aby otrzymywa\u0107 wszelkie powiadomienia lub alerty, kt\u00f3re mo\u017cemy do niego wys\u0142a\u0107. U\u017cytkownik nigdy nie powinien zezwala\u0107 na zdalny dost\u0119p ani udost\u0119pnia\u0107 swojego komputera i\/lub ekranu komputera komu\u015b innemu, gdy jest zalogowany na swoje konto Serene Swap. Serene Swap nigdy nie poprosi u\u017cytkownika o podanie hase\u0142 lub kod\u00f3w uwierzytelniania dwusk\u0142adnikowego. Nie ponosimy odpowiedzialno\u015bci za jakiekolwiek straty poniesione przez u\u017cytkownika w wyniku naruszenia danych logowania do konta bez winy Serene Swap.&nbsp;<\/p>\n\n\n\n<p>Nie ponosimy odpowiedzialno\u015bci za nieprzestrzeganie lub niepodejmowanie dzia\u0142a\u0144 w zwi\u0105zku z powiadomieniami lub alertami, kt\u00f3re mo\u017cemy wys\u0142a\u0107. W przypadku podejrzenia, \u017ce dane konta Serene Swap zosta\u0142y naruszone, nale\u017cy natychmiast skontaktowa\u0107 si\u0119 z pomoc\u0105 techniczn\u0105 Serene Swap pod adresem <a href=\"mailto:info@sereneswap.com\">info@sereneswap.com<\/a>.<\/p>\n\n\n\n<ul>\n<li>U\u017cytkownik przyjmuje do wiadomo\u015bci i zgadza si\u0119, \u017ce Serene Swap nie dzia\u0142a jako doradca finansowy, nie \u015bwiadczy us\u0142ug doradztwa inwestycyjnego ani nie udziela wskaz\u00f3wek, a wszelka komunikacja mi\u0119dzy u\u017cytkownikiem a Serene Swap nie mo\u017ce by\u0107 traktowana jako porada inwestycyjna. Bez uszczerbku dla naszych poprzednich zobowi\u0105za\u0144, prosz\u0105c nas o zawarcie jakiejkolwiek transakcji, u\u017cytkownik o\u015bwiadcza, \u017ce ponosi wy\u0142\u0105czn\u0105 odpowiedzialno\u015b\u0107 za dokonanie niezale\u017cnej oceny i zbadanie ryzyka zwi\u0105zanego z transakcj\u0105.&nbsp;<\/li>\n<\/ul>\n\n\n\n<p>U\u017cytkownik o\u015bwiadcza, \u017ce posiada wystarczaj\u0105c\u0105 wiedz\u0119, znajomo\u015b\u0107 rynku i do\u015bwiadczenie, aby oceni\u0107 zalety i zagro\u017cenia zwi\u0105zane z jak\u0105kolwiek transakcj\u0105 oraz \u017ce otrzyma\u0142 profesjonaln\u0105 porad\u0119 w tym zakresie. Nie udzielamy \u017cadnych gwarancji co do przydatno\u015bci Us\u0142ug i nie przyjmujemy \u017cadnych zobowi\u0105za\u0144 powierniczych w naszych relacjach z u\u017cytkownikiem. Mo\u017cemy dostarcza\u0107 informacji na temat ceny, zakresu, zmienno\u015bci waluty cyfrowej oraz wydarze\u0144, kt\u00f3re wp\u0142yn\u0119\u0142y na cen\u0119 waluty cyfrowej, ale nie jest to uwa\u017cane za porad\u0119 inwestycyjn\u0105 i nie powinno by\u0107 interpretowane jako takie. U\u017cytkownik podejmuje decyzj\u0119 o zakupie lub sprzeda\u017cy waluty cyfrowej na w\u0142asne ryzyko, a Serene Swap nie ponosi odpowiedzialno\u015bci za jakiekolwiek poniesione straty.<\/p>\n\n\n\n<ul>\n<li>W pe\u0142nym zakresie dozwolonym przez obowi\u0105zuj\u0105ce prawo, u\u017cytkownik, w wyniku niniejszej umowy, zabezpiecza Serene Swap i jej partner\u00f3w przed wszelkimi dzia\u0142aniami, odpowiedzialno\u015bci\u0105, kosztami, roszczeniami, stratami, szkodami, post\u0119powaniami lub wydatkami poniesionymi lub poniesionymi, je\u015bli bezpo\u015brednio lub nie bezpo\u015brednio wynikaj\u0105 z korzystania z naszej strony internetowej, korzystania z us\u0142ugi lub naruszenia naszych warunk\u00f3w.<\/li>\n<\/ul>\n\n\n\n<p>Serene Swap nie ponosi odpowiedzialno\u015bci za wahania cen kryptowalut. W przypadku zak\u0142\u00f3ce\u0144 na rynku Serene Swap mo\u017ce zawiesi\u0107 Us\u0142ugi wed\u0142ug w\u0142asnego uznania i opr\u00f3cz wszelkich innych praw i \u015brodk\u00f3w zaradczych. Serene Swap nie ponosi odpowiedzialno\u015bci za jakiekolwiek straty poniesione przez u\u017cytkownika w wyniku takiego dzia\u0142ania. Po ka\u017cdym takim zdarzeniu, gdy Us\u0142ugi zostan\u0105 wznowione, u\u017cytkownik przyjmuje do wiadomo\u015bci, \u017ce obowi\u0105zuj\u0105ce kursy rynkowe mog\u0105 znacznie r\u00f3\u017cni\u0107 si\u0119 od tych dost\u0119pnych wcze\u015bniej.<\/p>","protected":false},"excerpt":{"rendered":"<p>Sereneswap.com jest w\u0142asno\u015bci\u0105 i jest zarz\u0105dzana przez Luca Investment Strategic Sp. z O.O. (numer firmy LLC23233), upowa\u017cnion\u0105 do \u015bwiadczenia us\u0142ug wirtualnej waluty, z zarejestrowanym i operacyjnym adresem przy ulicy Ho\u017cej 86, jednostka 210, Warszawa, kod pocztowy 00-682, Polska. Ujawnienie ryzyka U\u017cytkownik zgadza si\u0119, \u017ce ma swobod\u0119 wyboru, czy chce korzysta\u0107 z us\u0142ugi [...]<\/p>","protected":false},"author":1,"featured_media":0,"parent":0,"menu_order":0,"comment_status":"closed","ping_status":"closed","template":"template-pages\/template-legal.php","meta":{"footnotes":""},"acf":[],"yoast_head":"<!-- This site is optimized with the Yoast SEO plugin v21.3 - https:\/\/yoast.com\/wordpress\/plugins\/seo\/ -->\n<title>Disclaimer - Serene Swap<\/title>\n<meta name=\"robots\" content=\"index, follow, max-snippet:-1, max-image-preview:large, max-video-preview:-1\" \/>\n<link rel=\"canonical\" href=\"https:\/\/sereneswap.com\/pl\/disclaimer\/\" \/>\n<meta property=\"og:locale\" content=\"pl_PL\" \/>\n<meta property=\"og:type\" content=\"article\" \/>\n<meta property=\"og:title\" content=\"Disclaimer - Serene Swap\" \/>\n<meta property=\"og:description\" content=\"Sereneswap.com is owned and operated by Luca Investment Strategic Sp. z O.O. (the company number LLC23233), authorised to Provide virtual currency service, with a registered and operational address at 86 Ho\u017ca street, Unit 210, Warsaw, Postcode 00-682, Poland. Risks Disclosure You agree that you are free to choose whether or not to use the service [&hellip;]\" \/>\n<meta property=\"og:url\" content=\"https:\/\/sereneswap.com\/pl\/wp-json\/wp\/v2\/pages\/156\" \/>\n<meta property=\"og:site_name\" content=\"Serene Swap\" \/>\n<meta property=\"article:modified_time\" content=\"2024-09-26T07:32:57+00:00\" \/>\n<meta name=\"twitter:card\" content=\"summary_large_image\" \/>\n<meta name=\"twitter:label1\" content=\"Szacowany czas czytania\" \/>\n\t<meta name=\"twitter:data1\" content=\"5 minut\" \/>\n<script type=\"application\/ld+json\" class=\"yoast-schema-graph\">{\"@context\":\"https:\/\/schema.org\",\"@graph\":[{\"@type\":\"WebPage\",\"@id\":\"https:\/\/sereneswap.com\/disclaimer\/\",\"url\":\"https:\/\/sereneswap.com\/disclaimer\/\",\"name\":\"Disclaimer - Serene Swap\",\"isPartOf\":{\"@id\":\"https:\/\/sereneswap.com\/#website\"},\"datePublished\":\"2024-09-16T14:25:47+00:00\",\"dateModified\":\"2024-09-26T07:32:57+00:00\",\"breadcrumb\":{\"@id\":\"https:\/\/sereneswap.com\/disclaimer\/#breadcrumb\"},\"inLanguage\":\"pl-PL\",\"potentialAction\":[{\"@type\":\"ReadAction\",\"target\":[\"https:\/\/sereneswap.com\/disclaimer\/\"]}]},{\"@type\":\"BreadcrumbList\",\"@id\":\"https:\/\/sereneswap.com\/disclaimer\/#breadcrumb\",\"itemListElement\":[{\"@type\":\"ListItem\",\"position\":1,\"name\":\"Home\",\"item\":\"https:\/\/sereneswap.com\/\"},{\"@type\":\"ListItem\",\"position\":2,\"name\":\"Disclaimer\"}]},{\"@type\":\"WebSite\",\"@id\":\"https:\/\/sereneswap.com\/#website\",\"url\":\"https:\/\/sereneswap.com\/\",\"name\":\"Serene Swap\",\"description\":\"\",\"publisher\":{\"@id\":\"https:\/\/sereneswap.com\/#organization\"},\"potentialAction\":[{\"@type\":\"SearchAction\",\"target\":{\"@type\":\"EntryPoint\",\"urlTemplate\":\"https:\/\/sereneswap.com\/?s={search_term_string}\"},\"query-input\":\"required name=search_term_string\"}],\"inLanguage\":\"pl-PL\"},{\"@type\":\"Organization\",\"@id\":\"https:\/\/sereneswap.com\/#organization\",\"name\":\"Serene Swap\",\"url\":\"https:\/\/sereneswap.com\/\",\"logo\":{\"@type\":\"ImageObject\",\"inLanguage\":\"pl-PL\",\"@id\":\"https:\/\/sereneswap.com\/#\/schema\/logo\/image\/\",\"url\":\"https:\/\/sereneswap.com\/wp-content\/uploads\/2023\/10\/Logo.svg\",\"contentUrl\":\"https:\/\/sereneswap.com\/wp-content\/uploads\/2023\/10\/Logo.svg\",\"width\":266,\"height\":50,\"caption\":\"Serene Swap\"},\"image\":{\"@id\":\"https:\/\/sereneswap.com\/#\/schema\/logo\/image\/\"}}]}<\/script>\n<!-- \/ Yoast SEO plugin. -->","yoast_head_json":{"title":"Disclaimer - Serene Swap","robots":{"index":"index","follow":"follow","max-snippet":"max-snippet:-1","max-image-preview":"max-image-preview:large","max-video-preview":"max-video-preview:-1"},"canonical":"https:\/\/sereneswap.com\/pl\/disclaimer\/","og_locale":"pl_PL","og_type":"article","og_title":"Disclaimer - Serene Swap","og_description":"Sereneswap.com is owned and operated by Luca Investment Strategic Sp. z O.O. (the company number LLC23233), authorised to Provide virtual currency service, with a registered and operational address at 86 Ho\u017ca street, Unit 210, Warsaw, Postcode 00-682, Poland. Risks Disclosure You agree that you are free to choose whether or not to use the service [&hellip;]","og_url":"https:\/\/sereneswap.com\/pl\/wp-json\/wp\/v2\/pages\/156","og_site_name":"Serene Swap","article_modified_time":"2024-09-26T07:32:57+00:00","twitter_card":"summary_large_image","twitter_misc":{"Szacowany czas czytania":"5 minut"},"schema":{"@context":"https:\/\/schema.org","@graph":[{"@type":"WebPage","@id":"https:\/\/sereneswap.com\/disclaimer\/","url":"https:\/\/sereneswap.com\/disclaimer\/","name":"Disclaimer - Serene Swap","isPartOf":{"@id":"https:\/\/sereneswap.com\/#website"},"datePublished":"2024-09-16T14:25:47+00:00","dateModified":"2024-09-26T07:32:57+00:00","breadcrumb":{"@id":"https:\/\/sereneswap.com\/disclaimer\/#breadcrumb"},"inLanguage":"pl-PL","potentialAction":[{"@type":"ReadAction","target":["https:\/\/sereneswap.com\/disclaimer\/"]}]},{"@type":"BreadcrumbList","@id":"https:\/\/sereneswap.com\/disclaimer\/#breadcrumb","itemListElement":[{"@type":"ListItem","position":1,"name":"Home","item":"https:\/\/sereneswap.com\/"},{"@type":"ListItem","position":2,"name":"Disclaimer"}]},{"@type":"WebSite","@id":"https:\/\/sereneswap.com\/#website","url":"https:\/\/sereneswap.com\/","name":"Serene Swap","description":"","publisher":{"@id":"https:\/\/sereneswap.com\/#organization"},"potentialAction":[{"@type":"SearchAction","target":{"@type":"EntryPoint","urlTemplate":"https:\/\/sereneswap.com\/?s={search_term_string}"},"query-input":"required name=search_term_string"}],"inLanguage":"pl-PL"},{"@type":"Organization","@id":"https:\/\/sereneswap.com\/#organization","name":"Serene Swap","url":"https:\/\/sereneswap.com\/","logo":{"@type":"ImageObject","inLanguage":"pl-PL","@id":"https:\/\/sereneswap.com\/#\/schema\/logo\/image\/","url":"https:\/\/sereneswap.com\/wp-content\/uploads\/2023\/10\/Logo.svg","contentUrl":"https:\/\/sereneswap.com\/wp-content\/uploads\/2023\/10\/Logo.svg","width":266,"height":50,"caption":"Serene Swap"},"image":{"@id":"https:\/\/sereneswap.com\/#\/schema\/logo\/image\/"}}]}},"_links":{"self":[{"href":"https:\/\/sereneswap.com\/pl\/wp-json\/wp\/v2\/pages\/156"}],"collection":[{"href":"https:\/\/sereneswap.com\/pl\/wp-json\/wp\/v2\/pages"}],"about":[{"href":"https:\/\/sereneswap.com\/pl\/wp-json\/wp\/v2\/types\/page"}],"author":[{"embeddable":true,"href":"https:\/\/sereneswap.com\/pl\/wp-json\/wp\/v2\/users\/1"}],"replies":[{"embeddable":true,"href":"https:\/\/sereneswap.com\/pl\/wp-json\/wp\/v2\/comments?post=156"}],"version-history":[{"count":7,"href":"https:\/\/sereneswap.com\/pl\/wp-json\/wp\/v2\/pages\/156\/revisions"}],"predecessor-version":[{"id":203,"href":"https:\/\/sereneswap.com\/pl\/wp-json\/wp\/v2\/pages\/156\/revisions\/203"}],"wp:attachment":[{"href":"https:\/\/sereneswap.com\/pl\/wp-json\/wp\/v2\/media?parent=156"}],"curies":[{"name":"wp","href":"https:\/\/api.w.org\/{rel}","templated":true}]}}