{"id":160,"date":"2024-09-16T14:25:46","date_gmt":"2024-09-16T14:25:46","guid":{"rendered":"https:\/\/sereneswap.com\/?page_id=160"},"modified":"2024-09-26T07:35:34","modified_gmt":"2024-09-26T07:35:34","slug":"aml-policy","status":"publish","type":"page","link":"https:\/\/sereneswap.com\/pl\/aml-policy\/","title":{"rendered":"Polityka AML"},"content":{"rendered":"<p>Luca Investment Strategic Sp. z o.o., numer rejestracyjny LLC23233, upowa\u017cniona do \u015bwiadczenia us\u0142ugi wirtualnej waluty, z siedzib\u0105 i adresem operacyjnym przy ul. Ho\u017cej 86, lokal 210, Warszawa, kod pocztowy 00-682, Polska (dalej r\u00f3wnie\u017c jako \"my\", \"my\", a w przypadku relacji tous - \"nasz\"), kt\u00f3ra \u015bwiadczy Us\u0142ugi za po\u015brednictwem sereneswap.com (Strona internetowa) i\/lub aplikacji mobilnej (\u0142\u0105cznie lub indywidualnie \"Platforma\").<\/p>\n\n\n\n<h2 class=\"wp-block-heading\">Cel polityki przeciwdzia\u0142ania praniu pieni\u0119dzy<\/h2>\n\n\n\n<p>Luca Investment Strategic Sp. z o.o. jest zobowi\u0105zana do stosowania w swojej dzia\u0142alno\u015bci wymog\u00f3w dotycz\u0105cych przeciwdzia\u0142ania praniu pieni\u0119dzy (AML). Wszyscy nasi pracownicy s\u0105 zobowi\u0105zani do przestrzegania najwy\u017cszych standard\u00f3w AML i Know Your Customer (KYC) w celu ograniczenia ryzyka wykorzystania naszych us\u0142ug do u\u0142atwiania przest\u0119pstw finansowych.<\/p>\n\n\n\n<p>Wdro\u017cyli\u015bmy ramy Polityki AML w celu zapewnienia, \u017ce wszystkie niezb\u0119dne kroki s\u0105 podejmowane w celu osi\u0105gni\u0119cia pe\u0142nego bezpiecze\u0144stwa naszych us\u0142ug. W niniejszej Polityce AML zobowi\u0105zujemy si\u0119 do przestrzegania przepis\u00f3w okre\u015blonych w litewskich przepisach AML oraz unijnych i mi\u0119dzynarodowych wytycznych AML.<\/p>\n\n\n\n<h2 class=\"wp-block-heading\">Czym jest polityka AML?<\/h2>\n\n\n\n<p>Polityka AML to procedura maj\u0105ca na celu zakazanie i aktywne zapobieganie praniu pieni\u0119dzy oraz wszelkim dzia\u0142aniom u\u0142atwiaj\u0105cym pranie pieni\u0119dzy lub finansowanie dzia\u0142alno\u015bci terrorystycznej lub przest\u0119pczej poprzez przestrzeganie wszystkich obowi\u0105zuj\u0105cych wymog\u00f3w. \u015arodki KYC s\u0105 cz\u0119\u015bci\u0105 polityki AML. \u015arodki KYC maj\u0105 na celu umo\u017cliwienie firmom lepszego poznania i zrozumienia swoich klient\u00f3w oraz pomoc w zarz\u0105dzaniu ryzykiem. Nasze polityki AML, procedury i kontrole wewn\u0119trzne maj\u0105 na celu zapewnienie zgodno\u015bci ze wszystkimi obowi\u0105zuj\u0105cymi przepisami europejskimi i mi\u0119dzynarodowymi.&nbsp;<\/p>\n\n\n\n<p>B\u0119d\u0105 one regularnie przegl\u0105dane i aktualizowane w celu zapewnienia odpowiednich polityk, procedur i kontroli wewn\u0119trznych w celu uwzgl\u0119dnienia zar\u00f3wno zmian w przepisach, jak i zmian w naszej dzia\u0142alno\u015bci.<\/p>\n\n\n\n<p>W przypadku jakichkolwiek potencjalnie podejrzanych lub nietypowych transakcji lub zachowa\u0144 klient\u00f3w podejmujemy odpowiednie \u015brodki w celu przeciwdzia\u0142ania ryzyku. Wszyscy pracownicy obs\u0142uguj\u0105cy transakcje mog\u0105 poprosi\u0107 o dodatkowe dokumenty, takie jak dow\u00f3d \u017ar\u00f3d\u0142a pochodzenia \u015brodk\u00f3w itp.<\/p>\n\n\n\n<p>Prowadzimy dobrze zorganizowan\u0105 procedur\u0119 przechowywania wszystkich rejestr\u00f3w, w tym dokument\u00f3w identyfikacyjnych klient\u00f3w i powi\u0105zanych danych. Wszystkie informacje o klientach i transakcjach s\u0105 przechowywane w spos\u00f3b poufny i zgodnie z przepisami o ochronie danych osobowych.<\/p>\n\n\n\n<h2 class=\"wp-block-heading\">Nasza polityka AML obejmuje:<\/h2>\n\n\n\n<p>Ustanowienie solidnych wewn\u0119trznych zasad, procedur i kontroli, kt\u00f3re zwalczaj\u0105 wszelkie pr\u00f3by wykorzystania nas do nielegalnych lub niedozwolonych cel\u00f3w i maj\u0105 na celu zapewnienie naszym klientom podstawowej ochrony na mocy przepis\u00f3w o ochronie konsument\u00f3w.<\/p>\n\n\n\n<ul>\n<li>Zatrudnienie specjalisty ds. zgodno\u015bci z przepisami AML\/CFT, kt\u00f3ry b\u0119dzie odpowiedzialny za nasze procedury AMC\/CFT.<\/li>\n\n\n\n<li>Coroczne przeprowadzanie wewn\u0119trznego i niezale\u017cnego audytu naszych polityk w zakresie zwalczania finansowania terroryzmu.<\/li>\n\n\n\n<li>Identyfikacja i weryfikacja klienta przed nawi\u0105zaniem z nami finansowej relacji biznesowej.<\/li>\n\n\n\n<li>Ustanowienie i utrzymywanie nale\u017cytej staranno\u015bci wobec klient\u00f3w opartej na ryzyku, w tym wzmocnionej nale\u017cytej staranno\u015bci wobec klient\u00f3w stwarzaj\u0105cych wy\u017csze ryzyko.<\/li>\n\n\n\n<li>Monitorowanie transakcji zachowa\u0144 finansowych klient\u00f3w w oparciu o analiz\u0119 ryzyka.<\/li>\n\n\n\n<li>Procedury zg\u0142aszania podejrzanych dzia\u0142a\u0144 wewn\u0119trznie i odpowiednim organom \u015bcigania.<\/li>\n\n\n\n<li>Okresowe szkolenia AML dla naszych pracownik\u00f3w.<\/li>\n<\/ul>\n\n\n\n<p>Jeste\u015bmy zobowi\u0105zani do odrzucenia dokument\u00f3w klienta, zamkni\u0119cia konta i zako\u0144czenia relacji biznesowej, je\u015bli znajdziemy jak\u0105kolwiek podejrzan\u0105 aktywno\u015b\u0107, fa\u0142szywe dokumenty lub brak wsp\u00f3\u0142pracy ze strony klienta w ramach procesu nale\u017cytej staranno\u015bci klienta.<\/p>\n\n\n\n<h2 class=\"wp-block-heading\">Kraje obj\u0119te sankcjami<\/h2>\n\n\n\n<p>Zgodnie z naszymi zasadami nie otwieramy rachunk\u00f3w, gdy wzrasta wolumen transakcji. Zwi\u0119kszaj\u0105 si\u0119 r\u00f3wnie\u017c nasze obowi\u0105zki w zakresie weryfikacji AML \/ CTF. To samo dzieje si\u0119, gdy Twoje transakcje s\u0105 \"oznaczone\" jako podejrzane lub nietypowe, lub nasza weryfikacja Twoich danych osobowych skutkuje zakwalifikowaniem Ci\u0119 jako osoby nak\u0142adaj\u0105cej znaczne ryzyko AML \/ CTF. Nie przetwarzamy transakcji dla obywateli i rezydent\u00f3w, a tak\u017ce os\u00f3b przebywaj\u0105cych w krajach, w kt\u00f3rych transakcje s\u0105 zabronione przez mi\u0119dzynarodowe sankcje lub ich wewn\u0119trzne przepisy prawne lub kraje oparte na r\u00f3\u017cnych kryteriach wybranych przez nasz zesp\u00f3\u0142 AML (na przyk\u0142ad Indeks Percepcji Korupcji Transparency International, ostrze\u017cenia FATF, kraje o s\u0142abych systemach przeciwdzia\u0142ania praniu pieni\u0119dzy i finansowaniu terroryzmu okre\u015blone przez Komisj\u0119 Europejsk\u0105) nak\u0142adaj\u0105 wysokie ryzyko AML \/ CTF.<\/p>\n\n\n\n<h3 class=\"wp-block-heading\">Obecnie kraje te to:<\/h3>\n\n\n\n<p>Afganistan, Albania, Algieria, Bahamy, Barbados, Bia\u0142oru\u015b, Bo\u015bnia i Hercegowina, Botswana, Burkina Faso, Burundi, Kambod\u017ca, Kajmany, Republika \u015arodkowoafryka\u0144ska, Chiny, Kongo, Kuba, Demokratyczna Republika Konga, Egipt, Gwinea R\u00f3wnikowa, Erytrea, Etiopia, Ghana, Gwinea Bissau, Haiti, Iran, Irak, Izrael, Jamajka, Japonia, Jordania, Kirgistan, Liban, Libia, Mali, Malta, Majnmar, Maroko, Mozambik, Niger, Nigeria, Nikaragua, Pakistan, Terytorium Palestyny, Panama, Filipiny, Portoryko, Rosja, Senegal, Serbia, Somalia, Sudan Po\u0142udniowy, Sudan, Arabia Saudyjska, Syria, Tunezja, Turcja, Uganda, Ukraina, Zjednoczone Emiraty Arabskie, Uzbekistan, Stany Zjednoczone, Wenezuela, Wyspy Dziewicze U.S., Jemen, Zimbabwe.<\/p>","protected":false},"excerpt":{"rendered":"<p>Luca Investment Strategic Sp. z o.o., numer rejestracyjny LLC23233, upowa\u017cniona do \u015bwiadczenia us\u0142ugi wirtualnej waluty, z siedzib\u0105 i adresem operacyjnym przy ul. Ho\u017cej 86, lokal 210, Warszawa, kod pocztowy 00-682, Polska (dalej r\u00f3wnie\u017c jako \"my\", \"my\", a w przypadku relacji tous - \"nasz\"), kt\u00f3ra \u015bwiadczy Us\u0142ugi za po\u015brednictwem sereneswap.com (Strona internetowa) i\/lub aplikacji mobilnej (\u0142\u0105cznie lub [...]).<\/p>","protected":false},"author":1,"featured_media":0,"parent":0,"menu_order":0,"comment_status":"closed","ping_status":"closed","template":"template-pages\/template-legal.php","meta":{"footnotes":""},"acf":[],"yoast_head":"<!-- This site is optimized with the Yoast SEO plugin v21.3 - https:\/\/yoast.com\/wordpress\/plugins\/seo\/ -->\n<title>AML Policy - Serene Swap<\/title>\n<meta name=\"robots\" content=\"index, follow, max-snippet:-1, max-image-preview:large, max-video-preview:-1\" \/>\n<link rel=\"canonical\" href=\"https:\/\/sereneswap.com\/pl\/aml-policy\/\" \/>\n<meta property=\"og:locale\" content=\"pl_PL\" \/>\n<meta property=\"og:type\" content=\"article\" \/>\n<meta property=\"og:title\" content=\"AML Policy - Serene Swap\" \/>\n<meta property=\"og:description\" content=\"Luca Investment Strategic Sp. z O.O., reg. number LLC23233, authorised to provide virtual currency service, with registered and operational address at 86 Ho\u017ca street, Unit 210, Warsaw, Postcode 00-682, Poland (hereinafter also as \u201cus,\u201d \u201cwe\u201d and in case of relation tous \u2013 \u201cour\u201d), which provides Services through sereneswap.com (the Website) and\/or mobile application (collectively or [&hellip;]\" \/>\n<meta property=\"og:url\" content=\"https:\/\/sereneswap.com\/pl\/wp-json\/wp\/v2\/pages\/160\" \/>\n<meta property=\"og:site_name\" content=\"Serene Swap\" \/>\n<meta property=\"article:modified_time\" content=\"2024-09-26T07:35:34+00:00\" \/>\n<meta name=\"twitter:card\" content=\"summary_large_image\" \/>\n<meta name=\"twitter:label1\" content=\"Szacowany czas czytania\" \/>\n\t<meta name=\"twitter:data1\" content=\"4 minuty\" \/>\n<script type=\"application\/ld+json\" class=\"yoast-schema-graph\">{\"@context\":\"https:\/\/schema.org\",\"@graph\":[{\"@type\":\"WebPage\",\"@id\":\"https:\/\/sereneswap.com\/aml-policy\/\",\"url\":\"https:\/\/sereneswap.com\/aml-policy\/\",\"name\":\"AML Policy - Serene Swap\",\"isPartOf\":{\"@id\":\"https:\/\/sereneswap.com\/#website\"},\"datePublished\":\"2024-09-16T14:25:46+00:00\",\"dateModified\":\"2024-09-26T07:35:34+00:00\",\"breadcrumb\":{\"@id\":\"https:\/\/sereneswap.com\/aml-policy\/#breadcrumb\"},\"inLanguage\":\"pl-PL\",\"potentialAction\":[{\"@type\":\"ReadAction\",\"target\":[\"https:\/\/sereneswap.com\/aml-policy\/\"]}]},{\"@type\":\"BreadcrumbList\",\"@id\":\"https:\/\/sereneswap.com\/aml-policy\/#breadcrumb\",\"itemListElement\":[{\"@type\":\"ListItem\",\"position\":1,\"name\":\"Home\",\"item\":\"https:\/\/sereneswap.com\/\"},{\"@type\":\"ListItem\",\"position\":2,\"name\":\"AML Policy\"}]},{\"@type\":\"WebSite\",\"@id\":\"https:\/\/sereneswap.com\/#website\",\"url\":\"https:\/\/sereneswap.com\/\",\"name\":\"Serene Swap\",\"description\":\"\",\"publisher\":{\"@id\":\"https:\/\/sereneswap.com\/#organization\"},\"potentialAction\":[{\"@type\":\"SearchAction\",\"target\":{\"@type\":\"EntryPoint\",\"urlTemplate\":\"https:\/\/sereneswap.com\/?s={search_term_string}\"},\"query-input\":\"required name=search_term_string\"}],\"inLanguage\":\"pl-PL\"},{\"@type\":\"Organization\",\"@id\":\"https:\/\/sereneswap.com\/#organization\",\"name\":\"Serene Swap\",\"url\":\"https:\/\/sereneswap.com\/\",\"logo\":{\"@type\":\"ImageObject\",\"inLanguage\":\"pl-PL\",\"@id\":\"https:\/\/sereneswap.com\/#\/schema\/logo\/image\/\",\"url\":\"https:\/\/sereneswap.com\/wp-content\/uploads\/2023\/10\/Logo.svg\",\"contentUrl\":\"https:\/\/sereneswap.com\/wp-content\/uploads\/2023\/10\/Logo.svg\",\"width\":266,\"height\":50,\"caption\":\"Serene Swap\"},\"image\":{\"@id\":\"https:\/\/sereneswap.com\/#\/schema\/logo\/image\/\"}}]}<\/script>\n<!-- \/ Yoast SEO plugin. -->","yoast_head_json":{"title":"AML Policy - Serene Swap","robots":{"index":"index","follow":"follow","max-snippet":"max-snippet:-1","max-image-preview":"max-image-preview:large","max-video-preview":"max-video-preview:-1"},"canonical":"https:\/\/sereneswap.com\/pl\/aml-policy\/","og_locale":"pl_PL","og_type":"article","og_title":"AML Policy - Serene Swap","og_description":"Luca Investment Strategic Sp. z O.O., reg. number LLC23233, authorised to provide virtual currency service, with registered and operational address at 86 Ho\u017ca street, Unit 210, Warsaw, Postcode 00-682, Poland (hereinafter also as \u201cus,\u201d \u201cwe\u201d and in case of relation tous \u2013 \u201cour\u201d), which provides Services through sereneswap.com (the Website) and\/or mobile application (collectively or [&hellip;]","og_url":"https:\/\/sereneswap.com\/pl\/wp-json\/wp\/v2\/pages\/160","og_site_name":"Serene Swap","article_modified_time":"2024-09-26T07:35:34+00:00","twitter_card":"summary_large_image","twitter_misc":{"Szacowany czas czytania":"4 minuty"},"schema":{"@context":"https:\/\/schema.org","@graph":[{"@type":"WebPage","@id":"https:\/\/sereneswap.com\/aml-policy\/","url":"https:\/\/sereneswap.com\/aml-policy\/","name":"AML Policy - Serene Swap","isPartOf":{"@id":"https:\/\/sereneswap.com\/#website"},"datePublished":"2024-09-16T14:25:46+00:00","dateModified":"2024-09-26T07:35:34+00:00","breadcrumb":{"@id":"https:\/\/sereneswap.com\/aml-policy\/#breadcrumb"},"inLanguage":"pl-PL","potentialAction":[{"@type":"ReadAction","target":["https:\/\/sereneswap.com\/aml-policy\/"]}]},{"@type":"BreadcrumbList","@id":"https:\/\/sereneswap.com\/aml-policy\/#breadcrumb","itemListElement":[{"@type":"ListItem","position":1,"name":"Home","item":"https:\/\/sereneswap.com\/"},{"@type":"ListItem","position":2,"name":"AML Policy"}]},{"@type":"WebSite","@id":"https:\/\/sereneswap.com\/#website","url":"https:\/\/sereneswap.com\/","name":"Serene Swap","description":"","publisher":{"@id":"https:\/\/sereneswap.com\/#organization"},"potentialAction":[{"@type":"SearchAction","target":{"@type":"EntryPoint","urlTemplate":"https:\/\/sereneswap.com\/?s={search_term_string}"},"query-input":"required name=search_term_string"}],"inLanguage":"pl-PL"},{"@type":"Organization","@id":"https:\/\/sereneswap.com\/#organization","name":"Serene Swap","url":"https:\/\/sereneswap.com\/","logo":{"@type":"ImageObject","inLanguage":"pl-PL","@id":"https:\/\/sereneswap.com\/#\/schema\/logo\/image\/","url":"https:\/\/sereneswap.com\/wp-content\/uploads\/2023\/10\/Logo.svg","contentUrl":"https:\/\/sereneswap.com\/wp-content\/uploads\/2023\/10\/Logo.svg","width":266,"height":50,"caption":"Serene Swap"},"image":{"@id":"https:\/\/sereneswap.com\/#\/schema\/logo\/image\/"}}]}},"_links":{"self":[{"href":"https:\/\/sereneswap.com\/pl\/wp-json\/wp\/v2\/pages\/160"}],"collection":[{"href":"https:\/\/sereneswap.com\/pl\/wp-json\/wp\/v2\/pages"}],"about":[{"href":"https:\/\/sereneswap.com\/pl\/wp-json\/wp\/v2\/types\/page"}],"author":[{"embeddable":true,"href":"https:\/\/sereneswap.com\/pl\/wp-json\/wp\/v2\/users\/1"}],"replies":[{"embeddable":true,"href":"https:\/\/sereneswap.com\/pl\/wp-json\/wp\/v2\/comments?post=160"}],"version-history":[{"count":4,"href":"https:\/\/sereneswap.com\/pl\/wp-json\/wp\/v2\/pages\/160\/revisions"}],"predecessor-version":[{"id":204,"href":"https:\/\/sereneswap.com\/pl\/wp-json\/wp\/v2\/pages\/160\/revisions\/204"}],"wp:attachment":[{"href":"https:\/\/sereneswap.com\/pl\/wp-json\/wp\/v2\/media?parent=160"}],"curies":[{"name":"wp","href":"https:\/\/api.w.org\/{rel}","templated":true}]}}